{"id":459229,"date":"2024-02-26T11:30:42","date_gmt":"2024-02-26T10:30:42","guid":{"rendered":"https:\/\/wnature.org\/es\/es\/?page_id=459229"},"modified":"2026-02-12T09:21:50","modified_gmt":"2026-02-12T08:21:50","slug":"nosotros","status":"publish","type":"page","link":"https:\/\/wnature.org\/es\/nosotros\/","title":{"rendered":"Nosotros"},"content":{"rendered":"<h1 class=\"wp-block-heading\">{post_title}<\/h1>\n\n<h3 class=\"wp-block-heading\">Misi\u00f3n &#038; Visi\u00f3n<\/h3>\n\n<h3 class=\"wp-block-heading\">Conservar los espacios naturales protegidos, sus h\u00e1bitats y especies de fauna y flora<\/h3>\n\n<h3 class=\"has-text-align-center wp-block-heading\">Basados en Ci\u00e8ncia<\/h3>\n\n<!-- wp:Array \/-->\n\n<h3 class=\"has-text-align-center wp-block-heading\">Transparencia y Responsabilidad<\/h3>\n\n<!-- wp:Array \/-->\n\n<h3 class=\"has-text-align-center wp-block-heading\">Comprometidos y Eficientes<\/h3>\n\n<!-- wp:Array \/-->\n\n<h3 class=\"has-text-align-center wp-block-heading\">Derechos Humanos y de los Animales<\/h3>\n\n<!-- wp:Array \/-->\n\n<h3 class=\"has-text-align-center wp-block-heading\">Embajadores por la Naturaleza, Voluntarios, Donantes y Comunidad<\/h3>\n\n<figure class=\"wp-block-image size-full\"><img loading=\"lazy\" decoding=\"async\" width=\"660\" height=\"380\" src=\"https:\/\/wnature.org\/es\/wp-content\/uploads\/Mans-persones-comunitat-WN.png\" class=\"wp-image-446271\"><\/figure>\n\n<p>Las personas son el motor de la organizaci\u00f3n. Miembros, voluntarios, donantes y nuestra comunidad m\u00e1s amplia de interesados hacen posible el trabajo de WN.<\/p>\n<ul>\n<li>Los miembros dan estabilidad a la organizaci\u00f3n y hacen posible nuestras Acciones.<\/li>\n<li>Los donantes de proyectos ampl\u00edan el impacto de nuestras acciones<\/li>\n<li>Los Voluntarios y la comunidad general de simpatizantes act\u00faan como embajadores y ampl\u00edan el conocimiento de nuestra Causa<\/li>\n<\/ul>\n\n<h3 class=\"has-text-align-center wp-block-heading\">Antoni Carulla<\/br>Presidente &#038; CEO<\/h3>\n\n<h3 class=\"has-text-align-center wp-block-heading\">Judit Carulla<\/br>Secretaria General<\/h3>\n\n<h3 class=\"has-text-align-center wp-block-heading\">Jordi S\u00e0nchez<\/br>Tesorero<\/h3>\n\n<h3 class=\"has-text-align-center wp-block-heading\">NUESTRO EQUIPO<\/h3>\n\n","protected":false},"excerpt":{"rendered":"<p>{post_title} Misi\u00f3n &#038; Visi\u00f3n Conservar los espacios naturales protegidos, sus h\u00e1bitats y especies de fauna y flora Basados en Ci\u00e8ncia Transparencia y Responsabilidad Comprometidos y Eficientes Derechos Humanos y de los Animales Embajadores por la Naturaleza, Voluntarios, Donantes y Comunidad Las personas son el motor de la organizaci\u00f3n. Miembros, voluntarios, donantes y nuestra comunidad m\u00e1s [&hellip;]<\/p>\n","protected":false},"author":2,"featured_media":0,"parent":0,"menu_order":6,"comment_status":"closed","ping_status":"closed","template":"","meta":{"_seopress_robots_primary_cat":"","_seopress_titles_title":"","_seopress_titles_desc":"","_seopress_robots_index":"","footnotes":""},"class_list":["post-459229","page","type-page","status-publish","hentry"],"_links":{"self":[{"href":"https:\/\/wnature.org\/es\/wp-json\/wp\/v2\/pages\/459229","targetHints":{"allow":["GET"]}}],"collection":[{"href":"https:\/\/wnature.org\/es\/wp-json\/wp\/v2\/pages"}],"about":[{"href":"https:\/\/wnature.org\/es\/wp-json\/wp\/v2\/types\/page"}],"author":[{"embeddable":true,"href":"https:\/\/wnature.org\/es\/wp-json\/wp\/v2\/users\/2"}],"replies":[{"embeddable":true,"href":"https:\/\/wnature.org\/es\/wp-json\/wp\/v2\/comments?post=459229"}],"version-history":[{"count":0,"href":"https:\/\/wnature.org\/es\/wp-json\/wp\/v2\/pages\/459229\/revisions"}],"wp:attachment":[{"href":"https:\/\/wnature.org\/es\/wp-json\/wp\/v2\/media?parent=459229"}],"curies":[{"name":"wp","href":"https:\/\/api.w.org\/{rel}","templated":true}]}}