{"id":468334,"date":"2025-02-10T22:18:49","date_gmt":"2025-02-10T21:18:49","guid":{"rendered":"https:\/\/wnature.org\/ca\/ca\/?page_id=468334"},"modified":"2026-01-02T16:00:27","modified_gmt":"2026-01-02T15:00:27","slug":"nosaltres","status":"publish","type":"page","link":"https:\/\/wnature.org\/ca\/nosaltres\/","title":{"rendered":"Nosaltres"},"content":{"rendered":"<!-- wp:Array \/-->\n\n<p>Rep m\u00e9s informaci\u00f3<\/p>\n\n<h2 class=\"wp-block-heading\">L&#8217;\u00e0nima i el motor de WN son les persones<\/h2>\n\n<!-- wp:Array \/-->\n\n<h2 class=\"wp-block-heading\">Qui som<\/h2>\n\n<p>Aqu\u00ed trobar\u00e0s tot la informaci\u00f3 sobre els \u00f2rgans de govern com el Patronat, l&#8217;equip de professionals, les mem\u00f2ries socials i econ\u00f2miques i la rendici\u00f3 de comptes, entre altres.<\/p>\n\n<div class=\"wp-block-buttons is-layout-flex wp-block-buttons-is-layout-flex\"><div class=\"wp-block-button\"><a class=\"wp-block-button__link\">Qui Som<\/a><\/div><\/div>\n\n<h2 class=\"has-text-align-center wp-block-heading\">Comunitat<\/br>World Nature Lovers<\/h2>\n\n<p>Accedeix a l&#8217;espai de la Comunitat dels WNL. Aqu\u00ed els nostres Membres comparteixen les teves inquietuds i experi\u00e8ncies.<\/p>\n\n<div class=\"wp-block-buttons is-layout-flex wp-block-buttons-is-layout-flex\"><div class=\"wp-block-button\"><a class=\"wp-block-button__link\">Comunitat WNL<\/a><\/div><\/div>\n\n<h2 class=\"has-text-align-center wp-block-heading\">Entitats col\u00b7laboradores<\/h2>\n\n<p>Col\u00b7laborem amb diferents Entitats, Empreses i Institucions, sota el nostre c\u00f2di \u00e8tic, per realitzar projectes i accions per conservar la Natura i protegir el Medi Ambient.<\/p>\n\n<div class=\"wp-block-buttons is-layout-flex wp-block-buttons-is-layout-flex\"><div class=\"wp-block-button\"><a class=\"wp-block-button__link\">Col\u00b7laboradors<\/a><\/div><\/div>","protected":false},"excerpt":{"rendered":"<p>Rep m\u00e9s informaci\u00f3 L&#8217;\u00e0nima i el motor de WN son les persones Qui som Aqu\u00ed trobar\u00e0s tot la informaci\u00f3 sobre els \u00f2rgans de govern com el Patronat, l&#8217;equip de professionals, les mem\u00f2ries socials i econ\u00f2miques i la rendici\u00f3 de comptes, entre altres. ComunitatWorld Nature Lovers Accedeix a l&#8217;espai de la Comunitat dels WNL. Aqu\u00ed els [&hellip;]<\/p>\n","protected":false},"author":2,"featured_media":0,"parent":0,"menu_order":4,"comment_status":"closed","ping_status":"closed","template":"","meta":{"_seopress_robots_primary_cat":"","_seopress_titles_title":"","_seopress_titles_desc":"","_seopress_robots_index":"","footnotes":""},"class_list":["post-468334","page","type-page","status-publish","hentry"],"_links":{"self":[{"href":"https:\/\/wnature.org\/ca\/wp-json\/wp\/v2\/pages\/468334","targetHints":{"allow":["GET"]}}],"collection":[{"href":"https:\/\/wnature.org\/ca\/wp-json\/wp\/v2\/pages"}],"about":[{"href":"https:\/\/wnature.org\/ca\/wp-json\/wp\/v2\/types\/page"}],"author":[{"embeddable":true,"href":"https:\/\/wnature.org\/ca\/wp-json\/wp\/v2\/users\/2"}],"replies":[{"embeddable":true,"href":"https:\/\/wnature.org\/ca\/wp-json\/wp\/v2\/comments?post=468334"}],"version-history":[{"count":0,"href":"https:\/\/wnature.org\/ca\/wp-json\/wp\/v2\/pages\/468334\/revisions"}],"wp:attachment":[{"href":"https:\/\/wnature.org\/ca\/wp-json\/wp\/v2\/media?parent=468334"}],"curies":[{"name":"wp","href":"https:\/\/api.w.org\/{rel}","templated":true}]}}