{"id":468271,"date":"2025-02-10T12:28:44","date_gmt":"2025-02-10T11:28:44","guid":{"rendered":"https:\/\/wnature.org\/ca\/ca\/?page_id=468271"},"modified":"2025-03-12T15:14:28","modified_gmt":"2025-03-12T14:14:28","slug":"area-usuaris","status":"publish","type":"page","link":"https:\/\/wnature.org\/ca\/area-usuaris\/","title":{"rendered":"\u00c0rea Usuaris Registrats"},"content":{"rendered":"<h3 class=\"wp-block-heading\">{post_title}<\/h3>\n\n<h3 class=\"wp-block-heading\">Benvinguts\/des a la vostra \u00c0rea d&#8217;usuaris<\/h3>\n\n<p>Aqu\u00ed trobareu la vostra informaci\u00f3 corporativa i en el men\u00fa de l&#8217;esquerra le vostres opcions per gestionar els vostres continguts o altres.<\/p>","protected":false},"excerpt":{"rendered":"<p>{post_title} Benvinguts\/des a la vostra \u00c0rea d&#8217;usuaris Aqu\u00ed trobareu la vostra informaci\u00f3 corporativa i en el men\u00fa de l&#8217;esquerra le vostres opcions per gestionar els vostres continguts o altres.<\/p>\n","protected":false},"author":2,"featured_media":0,"parent":0,"menu_order":100,"comment_status":"closed","ping_status":"closed","template":"","meta":{"_seopress_robots_primary_cat":"","_seopress_titles_title":"","_seopress_titles_desc":"","_seopress_robots_index":"","footnotes":""},"class_list":["post-468271","page","type-page","status-publish","hentry"],"_links":{"self":[{"href":"https:\/\/wnature.org\/ca\/wp-json\/wp\/v2\/pages\/468271","targetHints":{"allow":["GET"]}}],"collection":[{"href":"https:\/\/wnature.org\/ca\/wp-json\/wp\/v2\/pages"}],"about":[{"href":"https:\/\/wnature.org\/ca\/wp-json\/wp\/v2\/types\/page"}],"author":[{"embeddable":true,"href":"https:\/\/wnature.org\/ca\/wp-json\/wp\/v2\/users\/2"}],"replies":[{"embeddable":true,"href":"https:\/\/wnature.org\/ca\/wp-json\/wp\/v2\/comments?post=468271"}],"version-history":[{"count":0,"href":"https:\/\/wnature.org\/ca\/wp-json\/wp\/v2\/pages\/468271\/revisions"}],"wp:attachment":[{"href":"https:\/\/wnature.org\/ca\/wp-json\/wp\/v2\/media?parent=468271"}],"curies":[{"name":"wp","href":"https:\/\/api.w.org\/{rel}","templated":true}]}}