{"id":41,"date":"2024-01-27T10:40:40","date_gmt":"2024-01-27T10:40:40","guid":{"rendered":"https:\/\/wnature.org\/ca\/ca\/?page_id=41"},"modified":"2025-11-26T10:37:43","modified_gmt":"2025-11-26T09:37:43","slug":"contacte","status":"publish","type":"page","link":"https:\/\/wnature.org\/ca\/contacte\/","title":{"rendered":"Contacte"},"content":{"rendered":"<h6>Contacta amb nosaltres i explica\u2019ns qu\u00e8 vols.<\/h6><p>Tel\u00e8fon:<br>+34 607 167 132<\/p><p>Adre\u00e7a:<br>Can\u00f3, 8-10 entres\u00f2l 1a<br>08012 Barcelona-Spain<\/p><p><br>Horaris:<br>Dilluns \u2013 Divendres<br>09:00 am \u2013 13:00 pm<br><br><\/p><h2>Totes les consultes<\/h2><p>Per a qualsevol pregunta sobre la nostra missi\u00f3, ompliu el formulari i et respondrem el m\u00e9s aviat possible.<br>Esperem respondre totes les teves preguntes i assegurar-nos que tinguis una experi\u00e8ncia incre\u00efble al nostre lloc web.<\/p>\n\n<h3 class=\"wp-block-heading\">Omple el Formulari. Gr\u00e0cies<\/h3>\n\n<h3 class=\"wp-block-heading\">{post_title}<\/h3>","protected":false},"excerpt":{"rendered":"<p>Contacta amb nosaltres i explica\u2019ns qu\u00e8 vols. Tel\u00e8fon:+34 607 167 132 Adre\u00e7a:Can\u00f3, 8-10 entres\u00f2l 1a08012 Barcelona-Spain Horaris:Dilluns \u2013 Divendres09:00 am \u2013 13:00 pm Totes les consultes Per a qualsevol pregunta sobre la nostra missi\u00f3, ompliu el formulari i et respondrem el m\u00e9s aviat possible.Esperem respondre totes les teves preguntes i assegurar-nos que tinguis una experi\u00e8ncia [&hellip;]<\/p>\n","protected":false},"author":2,"featured_media":0,"parent":0,"menu_order":11,"comment_status":"closed","ping_status":"closed","template":"","meta":{"_seopress_robots_primary_cat":"","_seopress_titles_title":"","_seopress_titles_desc":"","_seopress_robots_index":"","footnotes":""},"class_list":["post-41","page","type-page","status-publish","hentry"],"_links":{"self":[{"href":"https:\/\/wnature.org\/ca\/wp-json\/wp\/v2\/pages\/41","targetHints":{"allow":["GET"]}}],"collection":[{"href":"https:\/\/wnature.org\/ca\/wp-json\/wp\/v2\/pages"}],"about":[{"href":"https:\/\/wnature.org\/ca\/wp-json\/wp\/v2\/types\/page"}],"author":[{"embeddable":true,"href":"https:\/\/wnature.org\/ca\/wp-json\/wp\/v2\/users\/2"}],"replies":[{"embeddable":true,"href":"https:\/\/wnature.org\/ca\/wp-json\/wp\/v2\/comments?post=41"}],"version-history":[{"count":0,"href":"https:\/\/wnature.org\/ca\/wp-json\/wp\/v2\/pages\/41\/revisions"}],"wp:attachment":[{"href":"https:\/\/wnature.org\/ca\/wp-json\/wp\/v2\/media?parent=41"}],"curies":[{"name":"wp","href":"https:\/\/api.w.org\/{rel}","templated":true}]}}