{"id":36,"date":"2024-01-27T10:38:43","date_gmt":"2024-01-27T10:38:43","guid":{"rendered":"https:\/\/wnature.org\/ca\/ca\/?page_id=36"},"modified":"2025-03-01T23:14:48","modified_gmt":"2025-03-01T22:14:48","slug":"politica-de-privacitat","status":"publish","type":"page","link":"https:\/\/wnature.org\/ca\/politica-de-privacitat\/","title":{"rendered":"Pol\u00edtica de Privacitat"},"content":{"rendered":"<p>El responsable \u00e9s la FUNDACI\u00d3 WORLD NATURE (d&#8217;ara endavant &#8220;WORLD NATURE\u201d) amb domicili al carrer del Can\u00f3, 8-10 entres\u00f2l 1a. 08012 Barcelona.<\/p><p>Per qualsevol dubte o consulta sobre qualsevol aspecte de privadesa pots comunicar-te amb nosaltres a: la nostra adre\u00e7a postal o a l&#8217;adre\u00e7a electr\u00f2nica <a href=\"mailto:info@wnature.org\">info@wnature.org<\/a><\/p>\n\n<h2 class=\"wp-block-heading\">Qui \u00e9s el responsable del tractament de les teves dades personals?<\/h2>\n\n<h2 class=\"wp-block-heading\">Com hem obtingut les dades de car\u00e0cter personal?<\/h2>\n\n<p>Les teves dades de car\u00e0cter personal han estat obtingudes a trav\u00e9s de les relacions pr\u00e8vies que has mantingut amb WORLD NATURE, o amb motiu de les relacions que mantens actualment amb la nostra entitat, b\u00e9 per la teva condici\u00f3 de membre, per haver estat donant, haver participat en alguna de les nostres campanyes, ser o haver estat voluntari, activista o col\u00b7laborador o b\u00e9 per haver sol\u00b7licitat que et remetem informaci\u00f3 promocional sobre les nostres accions, activitats, campanyes i iniciatives.<\/p><p>Tamb\u00e9 \u00e9s possible que un tercer ens hagi donat les dades. Com a norma general nom\u00e9s tractem les dades que ens faciliten els titulars dels mateixos, per\u00f2 en certs casos rebem dades per part de tercers. En cas que ens aportis dades de terceres persones de les quals no ets titular, haur\u00e0s d&#8217;informar i sol\u00b7licitar el seu consentiment a aquestes persones amb car\u00e0cter previ, eximint-se de qualsevol responsabilitat per l&#8217;incompliment d&#8217;aquest requisit.<\/p>\n\n<p>Depenent de la naturalesa de la nostra relaci\u00f3 amb tu, tractarem dades en major o menor mesura, i aquestes s\u00f3n necess\u00e0ries, adequades i pertinents en tot cas, d&#8217;acord amb la finalitat perseguida.<\/p>\n<p>Segons el que hem exposat anteriorment, podrem tractar les dades seg\u00fcents:<\/p>\n<ul>\n<li>Nom<\/li>\n<li>Cognoms<\/li>\n<li>DNI<\/li>\n<li>Adre\u00e7a de correu electr\u00f2nic<\/li>\n<li>N\u00famero de tel\u00e8fon<\/li>\n<li>Data de naixement<\/li>\n<li>Sexe<\/li>\n<li>Idioma de prefer\u00e8ncia<\/li>\n<li>Adre\u00e7a Postal<\/li>\n<li>Aportaci\u00f3 econ\u00f2mica<\/li>\n<li>Professi\u00f3 <em>(Informaci\u00f3 que ens heu subministrat per a l&#8217;exercici del voluntariat).<\/em><\/li>\n<li>Imatge pr\u00f2pia*<br \/><em>*En alguns casos sol\u00b7licitarem el teu consentiment expr\u00e9s per a la utilitzaci\u00f3 de la teva imatge, per\u00f2, en altres ocasions, com a realitzaci\u00f3 d&#8217;esdeveniments i\/o activitats que s\u00f3n gravats i\/o fotografiats per promocionar la nostra activitat a RRSS i la present web, no \u00e9s log\u00edsticament possible sol\u00b7licitar el consentiment a tots els assistents, per la qual cosa t&#8217;informem que en cas que no voler apar\u00e8ixer al nostre contingut audiovisual, et demanem si us plau que ens ho comuniquis directament.<\/em><\/li>\n<\/ul>\n<p>En qualsevol cas, la teva imatge apareixer\u00e0 de forma access\u00f2ria, en pl\u00e0nols generals, aplicant les mesures de seguretat t\u00e8cniques i organitzatives a la nostra disposici\u00f3 per protegir la teva privadesa.<\/p>\n<p>Si has visualitzat una imatge on apareix la teva persona, i no desitges continuar apareixent, posa&#8217;t en contacte amb nosaltres a l&#8217;adre\u00e7a de correu <span style=\"color: #3366ff;\">info@wnature.org<\/span> i atendrem la teva sol\u00b7licitud en el menor temps possible. Aix\u00ed mateix, a l&#8217;esdeveniment pots manifestar la teva oposici\u00f3 davant del personal de WORLD NATURE i farem tot el possible perqu\u00e8 la teva imatge no sigui publicada.<\/p>\n<p>Si ets voluntari i participes amb nosaltres de manera activa, tractarem el teu certificat negatiu de delictes sexuals, en compliment de la llei de voluntariat aplicable.<\/p>\n<p>Tamb\u00e9 t&#8217;informem que tractarem aquelles dades addicionals que volunt\u00e0riament ens facilitis durant les futures relacions i interaccions que mantinguis amb WORLD NATURE, incloses les que ens aportis mitjan\u00e7ant una xarxa social o una altra aplicaci\u00f3. Aquestes dades depenen de la teva pr\u00f2pia configuraci\u00f3 de privadesa, \u00fas de la xarxa social o aplicaci\u00f3, aix\u00ed com de les pol\u00edtiques de privadesa pr\u00f2pies de cada xarxa social o aplicaci\u00f3, per la qual cosa et recomanem llegir-les amb atenci\u00f3 abans de facilitar-nos dades a trav\u00e9s de aquestes xarxes socials o aplicacions.<\/p>\n<p>A m\u00e9s, en navegar per la nostra web podem tractar el teu IP, quin sistema operatiu o navegador fas servir, i fins i tot la durada de la teva visita, per\u00f2 sempre de forma an\u00f2nima, amb la finalitat de realitzar an\u00e0lisis i millores a la Web, aix\u00ed com per millorar la nostra estrat\u00e8gia comercial.<\/p>\n\n<h2 class=\"wp-block-heading\">Quines dades personals tractem?<\/h2>\n\n<p>Per complir amb els nostres objectius fundacionals, la resoluci\u00f3 de problemes globals del medi ambient i impulsar solucions necess\u00e0ries per tenir un futur verd i en pau, tractem les teves dades en funci\u00f3 de si ets soci, donant, voluntari, col\u00b7laborador, ciberactivista\u2026 amb les finalitats seg\u00fcents :<\/p>\n<ul>\n<li>Enviar informaci\u00f3 sobre WORLD NATURE que pugui ser del teu inter\u00e8s via SMS, tel\u00e8fon, correu postal, e-mail, en base al teu consentiment o a la nostra relaci\u00f3 amb tu. En cas que la nostra relaci\u00f3 amb tu acabi et comunicarem que et volem seguir enviant informaci\u00f3, i aix\u00ed ho farem tret que manifestis el contrari.<\/li>\n<li>Donar resposta a les peticions dinformaci\u00f3 sol\u00b7licitades.<\/li>\n<li>Promoure i gestionar la relaci\u00f3 WORLD NATURE-MEMBRE, incloent-hi la col\u00b7laboraci\u00f3 econ\u00f2mica mitjan\u00e7ant el cobrament de quotes.<\/li>\n<li>Promoure la participaci\u00f3 activa a trav\u00e9s de la signatura de campanyes o peticions i mantenir-te informat sobre les mateixes o altres iniciatives de naturalesa similar.<\/li>\n<li>Fomentar la col\u00b7laboraci\u00f3 a WORLD NATURE a trav\u00e9s de la xarxa de voluntariat.<\/li>\n<li>Coordinar la participaci\u00f3 en activitats organitzades per o per a la xarxa de voluntariat de WORLD NATURE.<\/li>\n<li>Convidar a actes o esdeveniments que organitzi WORLD NATURE.<\/li>\n<li>Realitzaci\u00f3 d&#8217;enquestes de satisfacci\u00f3.<\/li>\n<li>Activitats b\u00e0siques d&#8217;elaboraci\u00f3 de perfils, sobre la base de la informaci\u00f3 que directament ens hagis proporcionat, i destinada a assegurar la gesti\u00f3 adequada de les activitats anteriors.<\/li>\n<\/ul>\n<p>Quan hi estiguem legitimats b\u00e9 per la relaci\u00f3 que mantenim amb tu b\u00e9 perqu\u00e8 ens has donat el teu consentiment, enviament fins i tot per mitjans electr\u00f2nics, de comunicacions promocionals sobre activitats, campanyes i iniciatives de naturalesa similar a les que hagis participat amb anterioritat*<br \/>*Sempre podr\u00e0s oposar-te a rebre les comunicacions promocionals de WORLD NATURE. Podr\u00e0s fer-ho en tot moment d&#8217;alguna de les maneres seg\u00fcents:<br \/>\u2013 enviant un correu electr\u00f2nic a l&#8217;adre\u00e7a electr\u00f2nica <span style=\"color: #3366ff;\"><a style=\"color: #3366ff;\" href=\"mailto:info@wnature.org\">info@wnature.org<\/a><\/span><br \/>\u2013 adre\u00e7ant una sol\u00b7licitud a l&#8217;adre\u00e7a postal de WORLD NATURE.<br \/>\u2013 a trav\u00e9s de l&#8217;enlla\u00e7 de baixa disponible a la part inferior de cadascuna de les comunicacions que rebis.<br \/>\u2013 en cas de ser Membre, gestionant les teves prefer\u00e8ncies de comunicaci\u00f3 a la teva \u00e0rea de MEMBRE.<\/p>\n<p>En particular, si ets voluntari i participes de manera activa amb nosaltres:<\/p>\n<p>Gesti\u00f3 administrativa de les dades dels voluntaris que col\u00b7laboren a WORLD NATURE.<br \/>Cessi\u00f3 de dades a companyies d&#8217;assegurances, per a la gesti\u00f3 de l&#8217;asseguran\u00e7a de riscos d&#8217;accidents i malalties per donar compliment al que estableix la Llei 45\/2015, de 14 d&#8217;octubre, de Voluntariat.<br \/>Complir la llei 26\/2015 de Protecci\u00f3 Jur\u00eddica del menor, en cas que l&#8217;activitat a desenvolupar impliqui la relaci\u00f3 amb menors d&#8217;edat (tractament del certificat negatiu de delictes sexuals).<\/p>\n<p>Per quin motiu podem tractar les dades personals?<br \/>La base legitimadora per al tractament de les dades varia en funci\u00f3 del tipus de relaci\u00f3 que tinguis amb WORLD NATURE.<\/p>\n<p>Quan el tractament de les teves dades est\u00e0 relacionat amb el manteniment de la teva relaci\u00f3 amb WORLD NATURE com a soci, donant, activista, voluntari, col\u00b7laborador, ciberactivista, o altres maneres de participaci\u00f3 activa, el tractament est\u00e0 legitimat per resultar necessari per donar compliment a les obligacions contractuals derivades de la dita relaci\u00f3, i en alguns casos per una obligaci\u00f3 legal.<\/p>\n<p>Pel que fa a l&#8217;enviament d&#8217;informaci\u00f3 promocional sobre activitats, campanyes o iniciatives de WORLD NATURE, el tractament pot estar basat b\u00e9 en el nostre inter\u00e8s leg\u00edtim per la relaci\u00f3 mantinguda amb tu (condici\u00f3 de soci, signant, participaci\u00f3 activa en campanyes relacionades\u2026), b\u00e9 en el teu consentiment expr\u00e9s.<\/p>\n<p>Quan i per quin motiu podem facilitar les dades a tercers?<br \/>No vendrem mai, llogarem o cedirem les teves dades personals, per\u00f2 aquestes podran ser facilitades als destinataris que s&#8217;indiquen a continuaci\u00f3, pels motius que a continuaci\u00f3 s&#8217;expliquen:<\/p>\n<p>Administracions P\u00fabliques: per al compliment de les obligacions legals a qu\u00e8 WORLD NATURE est\u00e0 subjecta per la seva activitat.<br \/>Destinataris de peticions i campanyes: Quan signes una petici\u00f3 o participes amb les teves dades en una acci\u00f3, el destinatari de la campanya rep de Greenpeace les dades imprescindibles per complir les obligacions derivades d&#8217;aquestes campanyes, que podran ser: nom, cognoms, DNI, codi postal i correu electr\u00f2nic. WORLD NATURE t&#8217;informar\u00e0 a cada campanya els destinataris de la mateixa.<\/p>\n<p>Prove\u00efdors que necessitin accedir a les teves dades per a la prestaci\u00f3 de serveis que WORLD NATURE hagi contractat a aquests prove\u00efdors, i amb els quals WORLD NATURE t\u00e9 subscrits els contractes de confidencialitat i de tractament de dades personals necess\u00e0ries i exigides per la normativa per protegir-ne la privadesa.<\/p>\n<p>Aquelles cessions a tercers que siguin necess\u00e0ries per a l&#8217;organitzaci\u00f3 o la coordinaci\u00f3 de les campanyes, activitats i iniciatives en qu\u00e8 volunt\u00e0riament participis.<\/p>\n<p>En el cas dels voluntaris, a companyies d&#8217;assegurances, per a la gesti\u00f3 de l&#8217;asseguran\u00e7a de riscos d&#8217;accidents i malalties per donar compliment a all\u00f2 establert a la Llei 45\/2015, de 14 d&#8217;octubre, de Voluntariat.<\/p>\n<p>Si en el futur WORLD NATURE fes altres cessions de dades personals, t&#8217;informar\u00e0 oportunament i en cas que sigui necessari sol\u00b7licitar\u00e0 el teu consentiment.<\/p>\n<p>Realitzem transfer\u00e8ncies internacionals de dades?<br \/>WORLD NATURE t\u00e9 contractats els serveis de prove\u00efdors tecnol\u00f2gics ubicats majorit\u00e0riament a l&#8217;Espai Econ\u00f2mic Europeu (\u201cEEE\u201d). Alguns pa\u00efsos aliens a l&#8217;EEE estan reconeguts per la Comissi\u00f3 Europea com a garants d&#8217;un nivell adequat de protecci\u00f3 de dades d&#8217;acord amb les normes de l&#8217;EEE, i la llista completa dels pa\u00efsos esmentats figura aqu\u00ed.<\/p>\n<p>Per a transfer\u00e8ncies de l&#8217;EEE a pa\u00efsos no considerats adequats per la Comissi\u00f3 Europea, WORLD NATURE subscriu contractes, garanties i salvaguardes necess\u00e0ries per preservar la seva privadesa.<\/p>\n<p>Pel que fa a l&#8217;\u00fas de galetes de Google Analytics, amb l&#8217;activaci\u00f3 al banner de galetes l&#8217;usuari atorga el seu consentiment expr\u00e9s per a la possible realitzaci\u00f3 de transfer\u00e8ncies internacionals de dades als Estats Units.<\/p>\n<p>Per a m\u00e9s informaci\u00f3 sobre les garanties a la vostra privadesa, us podeu adre\u00e7ar a WORLD NATURE a trav\u00e9s de <a href=\"mailto:info@wnature.org\">info@wnature.org<\/a> o a trav\u00e9s de les adre\u00e7a postal a dalt indicada.<\/p>\n<p>Durant quant de temps guardarem les vostres dades?<br \/>Les teves dades personals es conservaran mentre es mantingui la teva relaci\u00f3 amb WORLD NATURE, i fins i tot despr\u00e9s de la finalitzaci\u00f3 de la relaci\u00f3 esmentada per qualsevol causa durant els terminis de prescripci\u00f3 legals que siguin aplicables, si no ens comuniques el contrari. En aquest sup\u00f2sit, es tractaran a efectes dacreditar el compliment de les nostres obligacions legals i\/o contractuals. Conservarem la teva informaci\u00f3 personal el temps necessari o perm\u00e8s en atenci\u00f3 a les finalitats per a les quals s&#8217;hagi obtingut. Els criteris emprats per determinar els terminis de conservaci\u00f3 inclouen les nostres obligacions legals, necessitats estad\u00edstiques o el fet que la conservaci\u00f3 sigui o no aconsellable en funci\u00f3 de la nostra postura jur\u00eddica.<\/p>\n<p><strong>Si ets menor de 18 anys<\/strong><br \/>Si ets menor d&#8217;edat i fas servir algun dels nostres llocs web o participes en alguna de les nostres campanyes, si us plau, no ens envi\u00efs cap dada personal teva ni de la teva fam\u00edlia sense pr\u00e8via autoritzaci\u00f3 dels teus pares o tutors. Si ells hi estan d&#8217;acord, podr\u00e0s participar a les nostres campanyes i activitats en la manera com s&#8217;indiqui en cada cas. Demana als teus pares o tutors que es posin en contacte amb nosaltres a contacto.es@greenpeace.org si tens algun dubte.<\/p>\n<p>Quins s\u00f3n els teus drets?<br \/>Podeu exercir els vostres drets d&#8217;acc\u00e9s, rectificaci\u00f3, supressi\u00f3 i portabilitat, limitaci\u00f3 i\/o oposici\u00f3 al tractament, a trav\u00e9s de les adreces postal i electr\u00f2nica indicades. Aix\u00f2 vol dir que tens dret a:<\/p>\n<ul>\n<li>\u00c9s a dir, si estem tractant les teves dades o no.<\/li>\n<li>A accedir a les vostres dades personals.<\/li>\n<li>A sol\u00b7licitar la rectificaci\u00f3 de les teves dades si s\u00f3n inexactes.<\/li>\n<li>A sol\u00b7licitar la supressi\u00f3 de les teves dades si ja no s\u00f3n necess\u00e0ries per a les finalitats per a les quals van ser recollides o si ens retires el consentiment atorgat.<\/li>\n<li>A sol\u00b7licitar la limitaci\u00f3 del tractament de les teves dades, en alguns sup\u00f2sits, cas en qu\u00e8 nom\u00e9s les conservarem d&#8217;acord amb la normativa vigent.<\/li>\n<li>A remetre&#8217;t les dades que guardem sobre tu a WORLD NATURE en un format estructurat, d&#8217;\u00fas com\u00fa o de lectura mec\u00e0nica.<\/li>\n<li>A revocar el consentiment per a qualsevol tractament per al qual hagis consentit, en qualsevol moment.<\/li>\n<\/ul>\n<p>Aix\u00ed mateix, si consideres que el tractament de les teves dades personals vulnera la normativa o els teus drets de privadesa, pots presentar una reclamaci\u00f3:<\/p>\n<p>Per a m\u00e9s informaci\u00f3 sobre les garanties a la teva privadesa, pots adre\u00e7ar-te a WORLD NATURE a trav\u00e9s de<br \/>info@wnature.org o a trav\u00e9s de l&#8217;adre\u00e7a postal indicada m\u00e9s amunt.<br \/>Davant l&#8217;Ag\u00e8ncia Espanyola de Protecci\u00f3 de Dades, a trav\u00e9s de la seu electr\u00f2nica, o de la seva adre\u00e7a postal.<br \/>\u200b<\/p>\n\n<h2 class=\"wp-block-heading\">Per qu\u00e8 tractem les teves dades personals?<\/h2>","protected":false},"excerpt":{"rendered":"<p>El responsable \u00e9s la FUNDACI\u00d3 WORLD NATURE (d&#8217;ara endavant &#8220;WORLD NATURE\u201d) amb domicili al carrer del Can\u00f3, 8-10 entres\u00f2l 1a. 08012 Barcelona. Per qualsevol dubte o consulta sobre qualsevol aspecte de privadesa pots comunicar-te amb nosaltres a: la nostra adre\u00e7a postal o a l&#8217;adre\u00e7a electr\u00f2nica info@wnature.org Qui \u00e9s el responsable del tractament de les teves [&hellip;]<\/p>\n","protected":false},"author":2,"featured_media":0,"parent":0,"menu_order":50,"comment_status":"closed","ping_status":"closed","template":"","meta":{"_seopress_robots_primary_cat":"","_seopress_titles_title":"","_seopress_titles_desc":"","_seopress_robots_index":"","footnotes":""},"class_list":["post-36","page","type-page","status-publish","hentry"],"_links":{"self":[{"href":"https:\/\/wnature.org\/ca\/wp-json\/wp\/v2\/pages\/36","targetHints":{"allow":["GET"]}}],"collection":[{"href":"https:\/\/wnature.org\/ca\/wp-json\/wp\/v2\/pages"}],"about":[{"href":"https:\/\/wnature.org\/ca\/wp-json\/wp\/v2\/types\/page"}],"author":[{"embeddable":true,"href":"https:\/\/wnature.org\/ca\/wp-json\/wp\/v2\/users\/2"}],"replies":[{"embeddable":true,"href":"https:\/\/wnature.org\/ca\/wp-json\/wp\/v2\/comments?post=36"}],"version-history":[{"count":0,"href":"https:\/\/wnature.org\/ca\/wp-json\/wp\/v2\/pages\/36\/revisions"}],"wp:attachment":[{"href":"https:\/\/wnature.org\/ca\/wp-json\/wp\/v2\/media?parent=36"}],"curies":[{"name":"wp","href":"https:\/\/api.w.org\/{rel}","templated":true}]}}