{"id":31,"date":"2024-01-27T10:36:34","date_gmt":"2024-01-27T10:36:34","guid":{"rendered":"https:\/\/wnature.org\/ca\/ca\/?page_id=31"},"modified":"2025-11-26T12:24:21","modified_gmt":"2025-11-26T11:24:21","slug":"qui-som","status":"publish","type":"page","link":"https:\/\/wnature.org\/ca\/qui-som\/","title":{"rendered":"Qui som"},"content":{"rendered":"<h1 class=\"wp-block-heading\">{post_title}<\/h1>\n\n<h2 class=\"wp-block-heading\">Som una ONG legalment registrada a Catalunya<\/h2>\n\n<h3 class=\"wp-block-heading\">ONG independent per la conservaci\u00f3 de la natura i el medi ambient<\/h3>\n\n<h3 class=\"has-text-align-center wp-block-heading\">Basats en Ci\u00e8ncia<\/h3>\n\n<!-- wp:Array \/-->\n\n<h3 class=\"has-text-align-center wp-block-heading\">Transpar\u00e8ncia i Responsabilitat<\/h3>\n\n<!-- wp:Array \/-->\n\n<h3 class=\"has-text-align-center wp-block-heading\">Compromesos i Eficients<\/h3>\n\n<!-- wp:Array \/-->\n\n<h3 class=\"has-text-align-center wp-block-heading\">Drets Humans i dels Animals<\/h3>\n\n<!-- wp:Array \/-->\n\n<h3 class=\"has-text-align-center wp-block-heading\">Ambaixadors per la Natura, Voluntaris, Donants i Comunitat<\/h3>\n\n<figure class=\"wp-block-image size-full\"><img loading=\"lazy\" decoding=\"async\" width=\"660\" height=\"380\" src=\"https:\/\/wnature.org\/ca\/wp-content\/uploads\/Mans-persones-comunitat-WN.png\" alt class=\"wp-image-446271\"><\/figure>\n\n<p>Les persones s\u00f3n el motor de lorganitzaci\u00f3. Membres, voluntaris, donants i la nostra comunitat m\u00e9s \u00e0mplia de persones interessades fan possible el treball de WN.<\/p>\n<ul>\n<li>Els membres donen estabilitat a l&#8217;organitzaci\u00f3 i fan possible les nostres Accions.<\/li>\n<li>Els donants de projectes amplien l&#8217;impacte de les nostres accions<\/li>\n<li>Els Voluntaris i la comunitat general de simpatitzants actuen com a ambaixadors i amplien el coneixement de la nostra Causa<\/li>\n<\/ul>\n\n<h3 class=\"has-text-align-center wp-block-heading\">Antoni Carulla<\/br>President &#038; CEO<\/h3>\n\n<h3 class=\"has-text-align-center wp-block-heading\">Judit Carulla<\/br>Secret\u00e0ria General<\/h3>\n\n<h3 class=\"has-text-align-center wp-block-heading\">Jordi S\u00e0nchez<\/br>Tresorer<\/h3>\n\n<h3 class=\"has-text-align-center wp-block-heading\">EL NOSTRE EQUIP<\/h3>\n\n<h2 class=\"wp-block-heading\">Missi\u00f3 &#038; Visi\u00f3<\/h2>\n\n<h3 class=\"wp-block-heading\">Conservar  la Natura i la Mare Terra<\/h3>","protected":false},"excerpt":{"rendered":"<p>{post_title} Som una ONG legalment registrada a Catalunya ONG independent per la conservaci\u00f3 de la natura i el medi ambient Basats en Ci\u00e8ncia Transpar\u00e8ncia i Responsabilitat Compromesos i Eficients Drets Humans i dels Animals Ambaixadors per la Natura, Voluntaris, Donants i Comunitat Les persones s\u00f3n el motor de lorganitzaci\u00f3. Membres, voluntaris, donants i la nostra [&hellip;]<\/p>\n","protected":false},"author":2,"featured_media":0,"parent":0,"menu_order":6,"comment_status":"closed","ping_status":"closed","template":"","meta":{"_seopress_robots_primary_cat":"","_seopress_titles_title":"WORLD NATURE \u00e9s una ONG independent per protegir la Natura","_seopress_titles_desc":"Som una organitzaci\u00f3 legalment registrada per la protecci\u00f3 de la natura i el medi ambient.","_seopress_robots_index":"","footnotes":""},"class_list":["post-31","page","type-page","status-publish","hentry"],"_links":{"self":[{"href":"https:\/\/wnature.org\/ca\/wp-json\/wp\/v2\/pages\/31","targetHints":{"allow":["GET"]}}],"collection":[{"href":"https:\/\/wnature.org\/ca\/wp-json\/wp\/v2\/pages"}],"about":[{"href":"https:\/\/wnature.org\/ca\/wp-json\/wp\/v2\/types\/page"}],"author":[{"embeddable":true,"href":"https:\/\/wnature.org\/ca\/wp-json\/wp\/v2\/users\/2"}],"replies":[{"embeddable":true,"href":"https:\/\/wnature.org\/ca\/wp-json\/wp\/v2\/comments?post=31"}],"version-history":[{"count":0,"href":"https:\/\/wnature.org\/ca\/wp-json\/wp\/v2\/pages\/31\/revisions"}],"wp:attachment":[{"href":"https:\/\/wnature.org\/ca\/wp-json\/wp\/v2\/media?parent=31"}],"curies":[{"name":"wp","href":"https:\/\/api.w.org\/{rel}","templated":true}]}}