{"id":21,"date":"2024-01-27T10:33:47","date_gmt":"2024-01-27T10:33:47","guid":{"rendered":"https:\/\/wnature.org\/ca\/ca\/?page_id=21"},"modified":"2025-04-25T12:13:46","modified_gmt":"2025-04-25T10:13:46","slug":"fes-te-membre","status":"publish","type":"page","link":"https:\/\/wnature.org\/ca\/fes-te-membre\/","title":{"rendered":"Fes-te Membre"},"content":{"rendered":"<h2>FES-TE MEMBRE<\/h2>\n<ul>\n<li>\n\t\t\t\t\t\t\t<svg aria-hidden=\"true\" viewBox=\"0 0 512 512\" xmlns=\"http:\/\/www.w3.org\/2000\/svg\"><path d=\"M504 256c0 136.967-111.033 248-248 248S8 392.967 8 256 119.033 8 256 8s248 111.033 248 248zM227.314 387.314l184-184c6.248-6.248 6.248-16.379 0-22.627l-22.627-22.627c-6.248-6.249-16.379-6.249-22.628 0L216 308.118l-70.059-70.059c-6.248-6.248-16.379-6.248-22.628 0l-22.627 22.627c-6.248 6.248-6.248 16.379 0 22.627l104 104c6.249 6.249 16.379 6.249 22.628.001z\"><\/path><\/svg><br \/>\n\t\t\t\t\t\t\t\t\t\tDesgrava el 95% de la teva aportaci\u00f3 al IRPF.  Llei de Mecenatge 49\/2002.\n\t\t\t\t\t\t\t\t\t<\/li>\n<li>\n\t\t\t\t\t\t\t<svg aria-hidden=\"true\" viewBox=\"0 0 512 512\" xmlns=\"http:\/\/www.w3.org\/2000\/svg\"><path d=\"M504 256c0 136.967-111.033 248-248 248S8 392.967 8 256 119.033 8 256 8s248 111.033 248 248zM227.314 387.314l184-184c6.248-6.248 6.248-16.379 0-22.627l-22.627-22.627c-6.248-6.249-16.379-6.249-22.628 0L216 308.118l-70.059-70.059c-6.248-6.248-16.379-6.248-22.628 0l-22.627 22.627c-6.248 6.248-6.248 16.379 0 22.627l104 104c6.249 6.249 16.379 6.249 22.628.001z\"><\/path><\/svg><br \/>\n\t\t\t\t\t\t\t\t\t\tAjudar\u00e0s a salvar moltes esp\u00e8cies i espais naturals.\n\t\t\t\t\t\t\t\t\t<\/li>\n<li>\n\t\t\t\t\t\t\t<svg aria-hidden=\"true\" viewBox=\"0 0 512 512\" xmlns=\"http:\/\/www.w3.org\/2000\/svg\"><path d=\"M504 256c0 136.967-111.033 248-248 248S8 392.967 8 256 119.033 8 256 8s248 111.033 248 248zM227.314 387.314l184-184c6.248-6.248 6.248-16.379 0-22.627l-22.627-22.627c-6.248-6.249-16.379-6.249-22.628 0L216 308.118l-70.059-70.059c-6.248-6.248-16.379-6.248-22.628 0l-22.627 22.627c-6.248 6.248-6.248 16.379 0 22.627l104 104c6.249 6.249 16.379 6.249 22.628.001z\"><\/path><\/svg><br \/>\n\t\t\t\t\t\t\t\t\t\tAccedir\u00e0s a tots els continguts de la Web.\n\t\t\t\t\t\t\t\t\t<\/li>\n<li>\n\t\t\t\t\t\t\t<svg aria-hidden=\"true\" viewBox=\"0 0 512 512\" xmlns=\"http:\/\/www.w3.org\/2000\/svg\"><path d=\"M504 256c0 136.967-111.033 248-248 248S8 392.967 8 256 119.033 8 256 8s248 111.033 248 248zM227.314 387.314l184-184c6.248-6.248 6.248-16.379 0-22.627l-22.627-22.627c-6.248-6.249-16.379-6.249-22.628 0L216 308.118l-70.059-70.059c-6.248-6.248-16.379-6.248-22.628 0l-22.627 22.627c-6.248 6.248-6.248 16.379 0 22.627l104 104c6.249 6.249 16.379 6.249 22.628.001z\"><\/path><\/svg><br \/>\n\t\t\t\t\t\t\t\t\t\tPodr\u00e0s compartir i comentar als Grups d&#8217;Acci\u00f3.\n\t\t\t\t\t\t\t\t\t<\/li>\n<li>\n\t\t\t\t\t\t\t<svg aria-hidden=\"true\" viewBox=\"0 0 512 512\" xmlns=\"http:\/\/www.w3.org\/2000\/svg\"><path d=\"M504 256c0 136.967-111.033 248-248 248S8 392.967 8 256 119.033 8 256 8s248 111.033 248 248zM227.314 387.314l184-184c6.248-6.248 6.248-16.379 0-22.627l-22.627-22.627c-6.248-6.249-16.379-6.249-22.628 0L216 308.118l-70.059-70.059c-6.248-6.248-16.379-6.248-22.628 0l-22.627 22.627c-6.248 6.248-6.248 16.379 0 22.627l104 104c6.249 6.249 16.379 6.249 22.628.001z\"><\/path><\/svg><br \/>\n\t\t\t\t\t\t\t\t\t\tRebr\u00e0s el WN Magazine en paper a casa cada 3 mesos.\n\t\t\t\t\t\t\t\t\t<\/li>\n<\/ul>\n<h2>Som els World Nature Lovers<\/h2>\n<p>\t\t\t\t\t\t\t\t\t\t\t\t\t\t\t<img loading=\"lazy\" decoding=\"async\" width=\"370\" height=\"208\" src=\"https:\/\/wnature.org\/ca\/wp-content\/uploads\/2024\/08\/grup-persones-sortida-de-natura-world-nature.webp\" alt=\"grup persones sortida de natura world nature\" srcset=\"https:\/\/wnature.org\/ca\/wp-content\/uploads\/2024\/08\/grup-persones-sortida-de-natura-world-nature.webp 370w, https:\/\/wnature.org\/ca\/wp-content\/uploads\/2024\/08\/grup-persones-sortida-de-natura-world-nature-300x169.webp 300w\" sizes=\"auto, (min-width: 960px) 75vw, 100vw\" \/><br \/>\n\t\t\t\t\t<sc-checkout\n\tclass=\"checkout\"\n\tid=\"sc-checkout-466640\"\n\tclass=\"\"\n\tstyle=\"text-align: left;--sc-form-row-spacing: 25px;\"\n\tmodified=\"2025-01-13 19:00:38\"\n\talignment=\"\"\n\tsuccess-url=\"https:\/\/wnature.org\/ca\/gracies-per-fer-te-membre\/\"\n><br \/>\n\t<sc-form><br \/>\n\t\t\t\t\t<sc-checkbox name=\"get_feedback\" value=\"Feedback\" style=\"display: none !important;\"><\/sc-checkbox><br \/>\n<sc-price-choices\n\t\t\t\t\tclass=\"wp-block-surecart-price-choice \"\n\t\t\t\t\tlabel=\"La teva quota mensual. Cancel\u00b7la quan vulguis, sense comprom\u00eds.\"\n\t\t\t\t\ttype=\"radio\"\n\t\t\t\t\tcolumns=\"1\"\n\t\t\t\t><br \/>\n<sc-price-choice\n\t\t\tid=\"sc-price-choice-1\"\n\t\t\tprice-id=\"5c07d91d-6be5-4167-ae3f-1ea6bd912574\"\n\t\t\ttype=\"radio\"\n\t\t\tlabel=\"\"\n\t\t\tdescription=\"\"\n\t\t\tchecked=\"true\"\n\t\t\tshow-label=\"true\"\n\t\t\tshow-price=\"true\"\n\t\t\tshow-control=\"false\"\n\t\t\tquantity=\"1\"\n\t\t><\/sc-price-choice><br \/>\n<\/sc-price-choices><br \/>\n<sc-customer-email\n\t\t\tclass=\"\"\n\t\t\tlabel=\"E-mail\"\n\t\t\t\t\t\t\t\t\t\t\t\t\t\t\trequired\n\t\t\tautocomplete='email'\n\t\t\tinputmode='email'\n\t\t><br \/>\n\t\t<\/sc-customer-email><br \/>\n<sc-order-password\n\t\t\ttype=\"password\"\n\t\t\tname=\"password\"\n\t\t\tclass=\"\"\n\t\t\tlabel=\"Estableix una Contrasenya\"\n\t\t\thelp=\"Recorda: Amb el teu E-mail i la teva Contrasenya podr\u00e0s Accedir com a Membre a tots els continguts de la Web i tots els Serveis\"\n\t\t\tautofocus=\"\"\n\t\t\tmaxlength=\"\"\n\t\t\tminlength=\"\"\n\t\t\tplaceholder=\"\"\n\t\t\tshowLabel=\"1\"\n\t\t\tsize=\"\"\n\t\t\tvalue=\"\"\n\t\t\trequired=\"true\"\n\t\t\tconfirmation=\"true\"\n\t\t\tconfirmation-label=\"Confirma la Contrasenya\"\n\t\t\tconfirmation-placeholder=\"\"\n\t\t\tconfirmation-help=\"\"\n\t\t\tenable-validation=\"true\"\n\t\t><br \/>\n\t\t<\/sc-order-password><br \/>\n<sc-customer-name label=\"Nom\" required><\/sc-customer-name><br \/>\n<sc-input label=\"NIF\" help=\"Necessari per desgravar-te el 95% de la teva aportaci\u00f3 al IRPF. \" name=\"nif\" placeholder=\"\" size=\"medium\" value=\"\" required><\/sc-input><br \/>\n<sc-customer-lastname label=\"Cognoms\" required><\/sc-customer-lastname><br \/>\n<sc-input label=\"Tel\u00e8fon\" name=\"telefon\" placeholder=\"\" size=\"medium\" value=\"\"><\/sc-input><br \/>\n<sc-order-shipping-address\n\t\t\tlabel=\"Adre\u00e7a\"\n\t\t\tfull\t\t\t\t\t\trequired=\"true\"\n\t\t\tdefault-country=\"ES\"\n\t\t\tname-placeholder=\"Name or Company Name\"\n\t\t\tcountry-placeholder=\"Pa\u00eds\"\n\t\t\tcity-placeholder=\"Poblaci\u00f3\"\n\t\t\tline-1-placeholder=\"Adre\u00e7a\"\n\t\t\tline-2-placeholder=\"Address Line 2\"\n\t\t\tpostal-code-placeholder=\"C\u00f2di Postal\"\n\t\t\tstate-placeholder=\"Prov\u00edncia\"\n\t\t><\/sc-order-shipping-address><br \/>\n<sc-payment\n\t\t\tid=\"sc-payment-0\"\n\t\t\tclass=\"\"\n\t\t><br \/>\n\t\t\t\t\t\t\t<sc-stripe-payment-element slot=\"stripe\"><\/sc-stripe-payment-element><br \/>\n\t\t\t\t\t<\/sc-payment><br \/>\n<sc-order-submit type=\"primary\" full=\"true\" size=\"large\" icon=\"lock\" secure-notice=\"true\" secure-notice-text=\"Aquest \u00e9s un pagament segur i encriptat.\">Fes-te Membre per 10\u20ac\/mes<\/sc-order-submit><br \/>\n\t<\/sc-form><br \/>\n<\/sc-checkout><br \/>\n\t\t\t\t\t\t\t\t\t\t\t\t\t\t\t<img loading=\"lazy\" decoding=\"async\" width=\"469\" height=\"107\" src=\"https:\/\/wnature.org\/ca\/wp-content\/uploads\/2023\/01\/Logo-Dept-Justicia-generalitat-Catalunya.jpg\" alt=\"\" srcset=\"https:\/\/wnature.org\/ca\/wp-content\/uploads\/2023\/01\/Logo-Dept-Justicia-generalitat-Catalunya.jpg 469w, https:\/\/wnature.org\/ca\/wp-content\/uploads\/2023\/01\/Logo-Dept-Justicia-generalitat-Catalunya-300x68.jpg 300w\" sizes=\"auto, (min-width: 960px) 75vw, 100vw\" \/>\t\t\t\t\t\t\t\t\t\t\t\t\t\t\t<\/p>\n<p>WN \u00e9s una organitzaci\u00f3 legalment registrada al Departament de Just\u00edcia de la Generalitat de Catalunya amb el n\u00famero 2407.<\/p>\n<p>GR\u00c0CIES<\/p>\n","protected":false},"excerpt":{"rendered":"<p>FES-TE MEMBRE Desgrava el 95% de la teva aportaci\u00f3 al IRPF. Llei de Mecenatge 49\/2002. Ajudar\u00e0s a salvar moltes esp\u00e8cies i espais naturals. Accedir\u00e0s a tots els continguts de la Web. Podr\u00e0s compartir i comentar als Grups d&#8217;Acci\u00f3. Rebr\u00e0s el WN Magazine en paper a casa cada 3 mesos. Som els World Nature Lovers Fes-te [&hellip;]<\/p>\n","protected":false},"author":2,"featured_media":0,"parent":0,"menu_order":7,"comment_status":"closed","ping_status":"closed","template":"","meta":{"_seopress_robots_primary_cat":"","_seopress_titles_title":"","_seopress_titles_desc":"","_seopress_robots_index":"","footnotes":""},"class_list":["post-21","page","type-page","status-publish","hentry"],"_links":{"self":[{"href":"https:\/\/wnature.org\/ca\/wp-json\/wp\/v2\/pages\/21","targetHints":{"allow":["GET"]}}],"collection":[{"href":"https:\/\/wnature.org\/ca\/wp-json\/wp\/v2\/pages"}],"about":[{"href":"https:\/\/wnature.org\/ca\/wp-json\/wp\/v2\/types\/page"}],"author":[{"embeddable":true,"href":"https:\/\/wnature.org\/ca\/wp-json\/wp\/v2\/users\/2"}],"replies":[{"embeddable":true,"href":"https:\/\/wnature.org\/ca\/wp-json\/wp\/v2\/comments?post=21"}],"version-history":[{"count":0,"href":"https:\/\/wnature.org\/ca\/wp-json\/wp\/v2\/pages\/21\/revisions"}],"wp:attachment":[{"href":"https:\/\/wnature.org\/ca\/wp-json\/wp\/v2\/media?parent=21"}],"curies":[{"name":"wp","href":"https:\/\/api.w.org\/{rel}","templated":true}]}}