{"id":692,"date":"2025-05-11T20:47:39","date_gmt":"2025-05-11T18:47:39","guid":{"rendered":"https:\/\/wnature.org\/ca\/botiga\/?post_type=product&#038;p=692"},"modified":"2025-05-11T20:48:53","modified_gmt":"2025-05-11T18:48:53","slug":"prismatics-vortex-diamondback-hd-8x42","status":"publish","type":"product","link":"https:\/\/wnature.org\/ca\/botiga\/producte\/optica-i-audio\/prismatics\/prismatics-vortex-diamondback-hd-8x42\/","title":{"rendered":"Prism\u00e0tics Vortex Diamondback HD 8&#215;42 d&#8217;Alta resoluci\u00f3 &#8211; \u00d2ptica cristal\u00b7lina"},"content":{"rendered":"<p>Prism\u00e0tics Vortex Diamondback HD 8&#215;42 d&#8217;Alta resoluci\u00f3 &#8211; \u00d2ptica cristal\u00b7lina &#8211; Camp de visi\u00f3 de 130m a 1000m &#8211; per a observadors d&#8217;Aus i Ca\u00e7adors Professionals<\/p>\n","protected":false},"excerpt":{"rendered":"<p>Prism\u00e0tics Vortex Diamondback HD 8&#215;42 d&#8217;Alta resoluci\u00f3 &#8211; \u00d2ptica cristal\u00b7lina &#8211; Camp de visi\u00f3 de 130m a 1000m &#8211; per a observadors d&#8217;Aus que s&#8217;inicien.<\/p>\n","protected":false},"featured_media":693,"comment_status":"open","ping_status":"closed","template":"","meta":[],"product_brand":[],"product_cat":[39,40],"product_tag":[],"class_list":{"0":"post-692","1":"product","2":"type-product","3":"status-publish","4":"has-post-thumbnail","6":"product_cat-optica-i-audio","7":"product_cat-prismatics","9":"first","10":"instock","11":"taxable","12":"shipping-taxable","13":"product-type-external"},"yoast_head":"<!-- This site is optimized with the Yoast SEO plugin v27.5 - https:\/\/yoast.com\/product\/yoast-seo-wordpress\/ -->\n<title>Prism\u00e0tics Vortex Diamondback HD 8x42 d&#039;Alta resoluci\u00f3 - \u00d2ptica cristal\u00b7lina - Botiga WNL<\/title>\n<meta name=\"robots\" content=\"index, follow, max-snippet:-1, max-image-preview:large, max-video-preview:-1\" \/>\n<link rel=\"canonical\" href=\"https:\/\/wnature.org\/ca\/botiga\/producte\/optica-i-audio\/prismatics\/prismatics-vortex-diamondback-hd-8x42\/\" \/>\n<meta property=\"og:locale\" content=\"ca_ES\" \/>\n<meta property=\"og:type\" content=\"article\" \/>\n<meta property=\"og:title\" content=\"Prism\u00e0tics Vortex Diamondback HD 8x42 d&#039;Alta resoluci\u00f3 - \u00d2ptica cristal\u00b7lina - Botiga WNL\" \/>\n<meta property=\"og:description\" content=\"Prism\u00e0tics Vortex Diamondback HD 8x42 d&#039;Alta resoluci\u00f3 - \u00d2ptica cristal\u00b7lina - Camp de visi\u00f3 de 130m a 1000m - per a observadors d&#039;Aus que s&#039;inicien.\" \/>\n<meta property=\"og:url\" content=\"https:\/\/wnature.org\/ca\/botiga\/producte\/optica-i-audio\/prismatics\/prismatics-vortex-diamondback-hd-8x42\/\" \/>\n<meta property=\"og:site_name\" content=\"Botiga WNL\" \/>\n<meta property=\"article:modified_time\" content=\"2025-05-11T18:48:53+00:00\" \/>\n<meta property=\"og:image\" content=\"https:\/\/wnature.org\/ca\/botiga\/wp-content\/uploads\/81AhmqrE2bL._AC_SL1500_.jpg\" \/>\n\t<meta property=\"og:image:width\" content=\"1226\" \/>\n\t<meta property=\"og:image:height\" content=\"1500\" \/>\n\t<meta property=\"og:image:type\" content=\"image\/jpeg\" \/>\n<meta name=\"twitter:card\" content=\"summary_large_image\" \/>\n<meta name=\"twitter:label1\" content=\"Temps estimat de lectura\" \/>\n\t<meta name=\"twitter:data1\" content=\"2 minuts\" \/>\n<script type=\"application\/ld+json\" class=\"yoast-schema-graph\">{\"@context\":\"https:\\\/\\\/schema.org\",\"@graph\":[{\"@type\":\"WebPage\",\"@id\":\"https:\\\/\\\/wnature.org\\\/ca\\\/botiga\\\/producte\\\/optica-i-audio\\\/prismatics\\\/prismatics-vortex-diamondback-hd-8x42\\\/\",\"url\":\"https:\\\/\\\/wnature.org\\\/ca\\\/botiga\\\/producte\\\/optica-i-audio\\\/prismatics\\\/prismatics-vortex-diamondback-hd-8x42\\\/\",\"name\":\"Prism\u00e0tics Vortex Diamondback HD 8x42 d'Alta resoluci\u00f3 - \u00d2ptica cristal\u00b7lina - Botiga WNL\",\"isPartOf\":{\"@id\":\"https:\\\/\\\/wnature.org\\\/ca\\\/botiga\\\/#website\"},\"primaryImageOfPage\":{\"@id\":\"https:\\\/\\\/wnature.org\\\/ca\\\/botiga\\\/producte\\\/optica-i-audio\\\/prismatics\\\/prismatics-vortex-diamondback-hd-8x42\\\/#primaryimage\"},\"image\":{\"@id\":\"https:\\\/\\\/wnature.org\\\/ca\\\/botiga\\\/producte\\\/optica-i-audio\\\/prismatics\\\/prismatics-vortex-diamondback-hd-8x42\\\/#primaryimage\"},\"thumbnailUrl\":\"https:\\\/\\\/wnature.org\\\/ca\\\/botiga\\\/wp-content\\\/uploads\\\/81AhmqrE2bL._AC_SL1500_.jpg\",\"datePublished\":\"2025-05-11T18:47:39+00:00\",\"dateModified\":\"2025-05-11T18:48:53+00:00\",\"breadcrumb\":{\"@id\":\"https:\\\/\\\/wnature.org\\\/ca\\\/botiga\\\/producte\\\/optica-i-audio\\\/prismatics\\\/prismatics-vortex-diamondback-hd-8x42\\\/#breadcrumb\"},\"inLanguage\":\"ca\",\"potentialAction\":[{\"@type\":\"ReadAction\",\"target\":[\"https:\\\/\\\/wnature.org\\\/ca\\\/botiga\\\/producte\\\/optica-i-audio\\\/prismatics\\\/prismatics-vortex-diamondback-hd-8x42\\\/\"]}]},{\"@type\":\"ImageObject\",\"inLanguage\":\"ca\",\"@id\":\"https:\\\/\\\/wnature.org\\\/ca\\\/botiga\\\/producte\\\/optica-i-audio\\\/prismatics\\\/prismatics-vortex-diamondback-hd-8x42\\\/#primaryimage\",\"url\":\"https:\\\/\\\/wnature.org\\\/ca\\\/botiga\\\/wp-content\\\/uploads\\\/81AhmqrE2bL._AC_SL1500_.jpg\",\"contentUrl\":\"https:\\\/\\\/wnature.org\\\/ca\\\/botiga\\\/wp-content\\\/uploads\\\/81AhmqrE2bL._AC_SL1500_.jpg\",\"width\":1226,\"height\":1500},{\"@type\":\"BreadcrumbList\",\"@id\":\"https:\\\/\\\/wnature.org\\\/ca\\\/botiga\\\/producte\\\/optica-i-audio\\\/prismatics\\\/prismatics-vortex-diamondback-hd-8x42\\\/#breadcrumb\",\"itemListElement\":[{\"@type\":\"ListItem\",\"position\":1,\"name\":\"Inici\",\"item\":\"https:\\\/\\\/wnature.org\\\/ca\\\/botiga\\\/\"},{\"@type\":\"ListItem\",\"position\":2,\"name\":\"Botiga\",\"item\":\"https:\\\/\\\/wnature.org\\\/ca\\\/botiga\\\/\"},{\"@type\":\"ListItem\",\"position\":3,\"name\":\"Prism\u00e0tics Vortex Diamondback HD 8&#215;42 d&#8217;Alta resoluci\u00f3 &#8211; \u00d2ptica cristal\u00b7lina\"}]},{\"@type\":\"WebSite\",\"@id\":\"https:\\\/\\\/wnature.org\\\/ca\\\/botiga\\\/#website\",\"url\":\"https:\\\/\\\/wnature.org\\\/ca\\\/botiga\\\/\",\"name\":\"Botiga WNL\",\"description\":\"Botiga WNL\",\"potentialAction\":[{\"@type\":\"SearchAction\",\"target\":{\"@type\":\"EntryPoint\",\"urlTemplate\":\"https:\\\/\\\/wnature.org\\\/ca\\\/botiga\\\/?s={search_term_string}\"},\"query-input\":{\"@type\":\"PropertyValueSpecification\",\"valueRequired\":true,\"valueName\":\"search_term_string\"}}],\"inLanguage\":\"ca\"}]}<\/script>\n<!-- \/ Yoast SEO plugin. -->","yoast_head_json":{"title":"Prism\u00e0tics Vortex Diamondback HD 8x42 d'Alta resoluci\u00f3 - \u00d2ptica cristal\u00b7lina - Botiga WNL","robots":{"index":"index","follow":"follow","max-snippet":"max-snippet:-1","max-image-preview":"max-image-preview:large","max-video-preview":"max-video-preview:-1"},"canonical":"https:\/\/wnature.org\/ca\/botiga\/producte\/optica-i-audio\/prismatics\/prismatics-vortex-diamondback-hd-8x42\/","og_locale":"ca_ES","og_type":"article","og_title":"Prism\u00e0tics Vortex Diamondback HD 8x42 d'Alta resoluci\u00f3 - \u00d2ptica cristal\u00b7lina - Botiga WNL","og_description":"Prism\u00e0tics Vortex Diamondback HD 8x42 d'Alta resoluci\u00f3 - \u00d2ptica cristal\u00b7lina - Camp de visi\u00f3 de 130m a 1000m - per a observadors d'Aus que s'inicien.","og_url":"https:\/\/wnature.org\/ca\/botiga\/producte\/optica-i-audio\/prismatics\/prismatics-vortex-diamondback-hd-8x42\/","og_site_name":"Botiga WNL","article_modified_time":"2025-05-11T18:48:53+00:00","og_image":[{"width":1226,"height":1500,"url":"https:\/\/wnature.org\/ca\/botiga\/wp-content\/uploads\/81AhmqrE2bL._AC_SL1500_.jpg","type":"image\/jpeg"}],"twitter_card":"summary_large_image","twitter_misc":{"Temps estimat de lectura":"2 minuts"},"schema":{"@context":"https:\/\/schema.org","@graph":[{"@type":"WebPage","@id":"https:\/\/wnature.org\/ca\/botiga\/producte\/optica-i-audio\/prismatics\/prismatics-vortex-diamondback-hd-8x42\/","url":"https:\/\/wnature.org\/ca\/botiga\/producte\/optica-i-audio\/prismatics\/prismatics-vortex-diamondback-hd-8x42\/","name":"Prism\u00e0tics Vortex Diamondback HD 8x42 d'Alta resoluci\u00f3 - \u00d2ptica cristal\u00b7lina - Botiga WNL","isPartOf":{"@id":"https:\/\/wnature.org\/ca\/botiga\/#website"},"primaryImageOfPage":{"@id":"https:\/\/wnature.org\/ca\/botiga\/producte\/optica-i-audio\/prismatics\/prismatics-vortex-diamondback-hd-8x42\/#primaryimage"},"image":{"@id":"https:\/\/wnature.org\/ca\/botiga\/producte\/optica-i-audio\/prismatics\/prismatics-vortex-diamondback-hd-8x42\/#primaryimage"},"thumbnailUrl":"https:\/\/wnature.org\/ca\/botiga\/wp-content\/uploads\/81AhmqrE2bL._AC_SL1500_.jpg","datePublished":"2025-05-11T18:47:39+00:00","dateModified":"2025-05-11T18:48:53+00:00","breadcrumb":{"@id":"https:\/\/wnature.org\/ca\/botiga\/producte\/optica-i-audio\/prismatics\/prismatics-vortex-diamondback-hd-8x42\/#breadcrumb"},"inLanguage":"ca","potentialAction":[{"@type":"ReadAction","target":["https:\/\/wnature.org\/ca\/botiga\/producte\/optica-i-audio\/prismatics\/prismatics-vortex-diamondback-hd-8x42\/"]}]},{"@type":"ImageObject","inLanguage":"ca","@id":"https:\/\/wnature.org\/ca\/botiga\/producte\/optica-i-audio\/prismatics\/prismatics-vortex-diamondback-hd-8x42\/#primaryimage","url":"https:\/\/wnature.org\/ca\/botiga\/wp-content\/uploads\/81AhmqrE2bL._AC_SL1500_.jpg","contentUrl":"https:\/\/wnature.org\/ca\/botiga\/wp-content\/uploads\/81AhmqrE2bL._AC_SL1500_.jpg","width":1226,"height":1500},{"@type":"BreadcrumbList","@id":"https:\/\/wnature.org\/ca\/botiga\/producte\/optica-i-audio\/prismatics\/prismatics-vortex-diamondback-hd-8x42\/#breadcrumb","itemListElement":[{"@type":"ListItem","position":1,"name":"Inici","item":"https:\/\/wnature.org\/ca\/botiga\/"},{"@type":"ListItem","position":2,"name":"Botiga","item":"https:\/\/wnature.org\/ca\/botiga\/"},{"@type":"ListItem","position":3,"name":"Prism\u00e0tics Vortex Diamondback HD 8&#215;42 d&#8217;Alta resoluci\u00f3 &#8211; \u00d2ptica cristal\u00b7lina"}]},{"@type":"WebSite","@id":"https:\/\/wnature.org\/ca\/botiga\/#website","url":"https:\/\/wnature.org\/ca\/botiga\/","name":"Botiga WNL","description":"Botiga WNL","potentialAction":[{"@type":"SearchAction","target":{"@type":"EntryPoint","urlTemplate":"https:\/\/wnature.org\/ca\/botiga\/?s={search_term_string}"},"query-input":{"@type":"PropertyValueSpecification","valueRequired":true,"valueName":"search_term_string"}}],"inLanguage":"ca"}]}},"_links":{"self":[{"href":"https:\/\/wnature.org\/ca\/botiga\/wp-json\/wp\/v2\/product\/692","targetHints":{"allow":["GET"]}}],"collection":[{"href":"https:\/\/wnature.org\/ca\/botiga\/wp-json\/wp\/v2\/product"}],"about":[{"href":"https:\/\/wnature.org\/ca\/botiga\/wp-json\/wp\/v2\/types\/product"}],"replies":[{"embeddable":true,"href":"https:\/\/wnature.org\/ca\/botiga\/wp-json\/wp\/v2\/comments?post=692"}],"version-history":[{"count":1,"href":"https:\/\/wnature.org\/ca\/botiga\/wp-json\/wp\/v2\/product\/692\/revisions"}],"predecessor-version":[{"id":698,"href":"https:\/\/wnature.org\/ca\/botiga\/wp-json\/wp\/v2\/product\/692\/revisions\/698"}],"wp:featuredmedia":[{"embeddable":true,"href":"https:\/\/wnature.org\/ca\/botiga\/wp-json\/wp\/v2\/media\/693"}],"wp:attachment":[{"href":"https:\/\/wnature.org\/ca\/botiga\/wp-json\/wp\/v2\/media?parent=692"}],"wp:term":[{"taxonomy":"product_brand","embeddable":true,"href":"https:\/\/wnature.org\/ca\/botiga\/wp-json\/wp\/v2\/product_brand?post=692"},{"taxonomy":"product_cat","embeddable":true,"href":"https:\/\/wnature.org\/ca\/botiga\/wp-json\/wp\/v2\/product_cat?post=692"},{"taxonomy":"product_tag","embeddable":true,"href":"https:\/\/wnature.org\/ca\/botiga\/wp-json\/wp\/v2\/product_tag?post=692"}],"curies":[{"name":"wp","href":"https:\/\/api.w.org\/{rel}","templated":true}]}}