{"id":682,"date":"2025-05-11T20:11:06","date_gmt":"2025-05-11T18:11:06","guid":{"rendered":"https:\/\/wnature.org\/ca\/botiga\/?post_type=product&#038;p=682"},"modified":"2025-05-11T20:11:06","modified_gmt":"2025-05-11T18:11:06","slug":"caixa-niu-per-a-mallerengues-i-altres-ocells","status":"publish","type":"product","link":"https:\/\/wnature.org\/ca\/botiga\/producte\/material-naturalista\/caixes-niu\/caixa-niu-per-a-mallerengues-i-altres-ocells\/","title":{"rendered":"Caixa niu per a mallerengues i altres ocells"},"content":{"rendered":"<p><strong>Quant a aquest producte<\/strong><br \/>\nSuperfort: Pots deixar la nostra caseta d&#8217;ocells penjada tot l&#8217;any! Aquest niu est\u00e0 fet de fusta massissa natural, resistent a la intemp\u00e8rie i transpirable. La casa tamb\u00e9 \u00e9s molt espaiosa, fa 32x15x19cm per fora, 12x12cm per dins<br \/>\nFet per experts: Wildtier Herz va desenvolupar aquest niu per a ocells seguint els consells de bi\u00f2legs i conservacionistes. Hem creat un niu ideal per a aus silvestres petites.<br \/>\nM\u00e9s que protegit: Aquesta casa d&#8217;ocells per a exteriors t\u00e9 un orifici d&#8217;entrada de 32 mm espec\u00edfic per a l&#8217;esp\u00e8cie objectiu. En penjar-se, evita que gats o altres animals s&#8217;obrin o entrin a l&#8217;interior i destrueixin el niu<br \/>\nPensant en la natura: Aquest niu penjoll, com tots els nostres productes, est\u00e0 fabricat amb materials 100% naturals. Els panells de fusta massissa resistents i transpirables s&#8217;uneixen amb cargols en comptes d&#8217;enganxars potencialment nocius<br \/>\nF\u00e0cil d&#8217;instal\u00b7lar: La nostra casa per a ocells est\u00e0 dissenyada per penjar-se f\u00e0cilment a exteriors i resistir els canvis clim\u00e0tics<\/p>\n","protected":false},"excerpt":{"rendered":"<p>Caixa-Niu per a Mallerengues i altres esp\u00e8cies &#8211; cargolada, sense Tractar, Resistent a la Intemp\u00e8rie. Ajuda per a nius amb Orifici d&#8217;Entrada de 32 mm.<\/p>\n","protected":false},"featured_media":683,"comment_status":"open","ping_status":"closed","template":"","meta":[],"product_brand":[],"product_cat":[23,22],"product_tag":[],"class_list":{"0":"post-682","1":"product","2":"type-product","3":"status-publish","4":"has-post-thumbnail","6":"product_cat-caixes-niu","7":"product_cat-material-naturalista","9":"first","10":"instock","11":"taxable","12":"shipping-taxable","13":"product-type-external"},"yoast_head":"<!-- This site is optimized with the Yoast SEO plugin v27.5 - https:\/\/yoast.com\/product\/yoast-seo-wordpress\/ -->\n<title>Caixa niu per a mallerengues i altres ocells - Botiga WNL<\/title>\n<meta name=\"robots\" content=\"index, follow, max-snippet:-1, max-image-preview:large, max-video-preview:-1\" \/>\n<link rel=\"canonical\" href=\"https:\/\/wnature.org\/ca\/botiga\/producte\/material-naturalista\/caixes-niu\/caixa-niu-per-a-mallerengues-i-altres-ocells\/\" \/>\n<meta property=\"og:locale\" content=\"ca_ES\" \/>\n<meta property=\"og:type\" content=\"article\" \/>\n<meta property=\"og:title\" content=\"Caixa niu per a mallerengues i altres ocells - Botiga WNL\" \/>\n<meta property=\"og:description\" content=\"Caixa-Niu per a Mallerengues i altres esp\u00e8cies - cargolada, sense Tractar, Resistent a la Intemp\u00e8rie. Ajuda per a nius amb Orifici d&#039;Entrada de 32 mm.\" \/>\n<meta property=\"og:url\" content=\"https:\/\/wnature.org\/ca\/botiga\/producte\/material-naturalista\/caixes-niu\/caixa-niu-per-a-mallerengues-i-altres-ocells\/\" \/>\n<meta property=\"og:site_name\" content=\"Botiga WNL\" \/>\n<meta property=\"og:image\" content=\"https:\/\/wnature.org\/ca\/botiga\/wp-content\/uploads\/81Jjdb1s0TL._AC_SL1500_.jpg\" \/>\n\t<meta property=\"og:image:width\" content=\"1421\" \/>\n\t<meta property=\"og:image:height\" content=\"1500\" \/>\n\t<meta property=\"og:image:type\" content=\"image\/jpeg\" \/>\n<meta name=\"twitter:card\" content=\"summary_large_image\" \/>\n<meta name=\"twitter:label1\" content=\"Temps estimat de lectura\" \/>\n\t<meta name=\"twitter:data1\" content=\"2 minuts\" \/>\n<script type=\"application\/ld+json\" class=\"yoast-schema-graph\">{\"@context\":\"https:\\\/\\\/schema.org\",\"@graph\":[{\"@type\":\"WebPage\",\"@id\":\"https:\\\/\\\/wnature.org\\\/ca\\\/botiga\\\/producte\\\/material-naturalista\\\/caixes-niu\\\/caixa-niu-per-a-mallerengues-i-altres-ocells\\\/\",\"url\":\"https:\\\/\\\/wnature.org\\\/ca\\\/botiga\\\/producte\\\/material-naturalista\\\/caixes-niu\\\/caixa-niu-per-a-mallerengues-i-altres-ocells\\\/\",\"name\":\"Caixa niu per a mallerengues i altres ocells - Botiga WNL\",\"isPartOf\":{\"@id\":\"https:\\\/\\\/wnature.org\\\/ca\\\/botiga\\\/#website\"},\"primaryImageOfPage\":{\"@id\":\"https:\\\/\\\/wnature.org\\\/ca\\\/botiga\\\/producte\\\/material-naturalista\\\/caixes-niu\\\/caixa-niu-per-a-mallerengues-i-altres-ocells\\\/#primaryimage\"},\"image\":{\"@id\":\"https:\\\/\\\/wnature.org\\\/ca\\\/botiga\\\/producte\\\/material-naturalista\\\/caixes-niu\\\/caixa-niu-per-a-mallerengues-i-altres-ocells\\\/#primaryimage\"},\"thumbnailUrl\":\"https:\\\/\\\/wnature.org\\\/ca\\\/botiga\\\/wp-content\\\/uploads\\\/81Jjdb1s0TL._AC_SL1500_.jpg\",\"datePublished\":\"2025-05-11T18:11:06+00:00\",\"breadcrumb\":{\"@id\":\"https:\\\/\\\/wnature.org\\\/ca\\\/botiga\\\/producte\\\/material-naturalista\\\/caixes-niu\\\/caixa-niu-per-a-mallerengues-i-altres-ocells\\\/#breadcrumb\"},\"inLanguage\":\"ca\",\"potentialAction\":[{\"@type\":\"ReadAction\",\"target\":[\"https:\\\/\\\/wnature.org\\\/ca\\\/botiga\\\/producte\\\/material-naturalista\\\/caixes-niu\\\/caixa-niu-per-a-mallerengues-i-altres-ocells\\\/\"]}]},{\"@type\":\"ImageObject\",\"inLanguage\":\"ca\",\"@id\":\"https:\\\/\\\/wnature.org\\\/ca\\\/botiga\\\/producte\\\/material-naturalista\\\/caixes-niu\\\/caixa-niu-per-a-mallerengues-i-altres-ocells\\\/#primaryimage\",\"url\":\"https:\\\/\\\/wnature.org\\\/ca\\\/botiga\\\/wp-content\\\/uploads\\\/81Jjdb1s0TL._AC_SL1500_.jpg\",\"contentUrl\":\"https:\\\/\\\/wnature.org\\\/ca\\\/botiga\\\/wp-content\\\/uploads\\\/81Jjdb1s0TL._AC_SL1500_.jpg\",\"width\":1421,\"height\":1500},{\"@type\":\"BreadcrumbList\",\"@id\":\"https:\\\/\\\/wnature.org\\\/ca\\\/botiga\\\/producte\\\/material-naturalista\\\/caixes-niu\\\/caixa-niu-per-a-mallerengues-i-altres-ocells\\\/#breadcrumb\",\"itemListElement\":[{\"@type\":\"ListItem\",\"position\":1,\"name\":\"Inici\",\"item\":\"https:\\\/\\\/wnature.org\\\/ca\\\/botiga\\\/\"},{\"@type\":\"ListItem\",\"position\":2,\"name\":\"Botiga\",\"item\":\"https:\\\/\\\/wnature.org\\\/ca\\\/botiga\\\/\"},{\"@type\":\"ListItem\",\"position\":3,\"name\":\"Caixa niu per a mallerengues i altres ocells\"}]},{\"@type\":\"WebSite\",\"@id\":\"https:\\\/\\\/wnature.org\\\/ca\\\/botiga\\\/#website\",\"url\":\"https:\\\/\\\/wnature.org\\\/ca\\\/botiga\\\/\",\"name\":\"Botiga WNL\",\"description\":\"Botiga WNL\",\"potentialAction\":[{\"@type\":\"SearchAction\",\"target\":{\"@type\":\"EntryPoint\",\"urlTemplate\":\"https:\\\/\\\/wnature.org\\\/ca\\\/botiga\\\/?s={search_term_string}\"},\"query-input\":{\"@type\":\"PropertyValueSpecification\",\"valueRequired\":true,\"valueName\":\"search_term_string\"}}],\"inLanguage\":\"ca\"}]}<\/script>\n<!-- \/ Yoast SEO plugin. -->","yoast_head_json":{"title":"Caixa niu per a mallerengues i altres ocells - Botiga WNL","robots":{"index":"index","follow":"follow","max-snippet":"max-snippet:-1","max-image-preview":"max-image-preview:large","max-video-preview":"max-video-preview:-1"},"canonical":"https:\/\/wnature.org\/ca\/botiga\/producte\/material-naturalista\/caixes-niu\/caixa-niu-per-a-mallerengues-i-altres-ocells\/","og_locale":"ca_ES","og_type":"article","og_title":"Caixa niu per a mallerengues i altres ocells - Botiga WNL","og_description":"Caixa-Niu per a Mallerengues i altres esp\u00e8cies - cargolada, sense Tractar, Resistent a la Intemp\u00e8rie. Ajuda per a nius amb Orifici d'Entrada de 32 mm.","og_url":"https:\/\/wnature.org\/ca\/botiga\/producte\/material-naturalista\/caixes-niu\/caixa-niu-per-a-mallerengues-i-altres-ocells\/","og_site_name":"Botiga WNL","og_image":[{"width":1421,"height":1500,"url":"https:\/\/wnature.org\/ca\/botiga\/wp-content\/uploads\/81Jjdb1s0TL._AC_SL1500_.jpg","type":"image\/jpeg"}],"twitter_card":"summary_large_image","twitter_misc":{"Temps estimat de lectura":"2 minuts"},"schema":{"@context":"https:\/\/schema.org","@graph":[{"@type":"WebPage","@id":"https:\/\/wnature.org\/ca\/botiga\/producte\/material-naturalista\/caixes-niu\/caixa-niu-per-a-mallerengues-i-altres-ocells\/","url":"https:\/\/wnature.org\/ca\/botiga\/producte\/material-naturalista\/caixes-niu\/caixa-niu-per-a-mallerengues-i-altres-ocells\/","name":"Caixa niu per a mallerengues i altres ocells - Botiga WNL","isPartOf":{"@id":"https:\/\/wnature.org\/ca\/botiga\/#website"},"primaryImageOfPage":{"@id":"https:\/\/wnature.org\/ca\/botiga\/producte\/material-naturalista\/caixes-niu\/caixa-niu-per-a-mallerengues-i-altres-ocells\/#primaryimage"},"image":{"@id":"https:\/\/wnature.org\/ca\/botiga\/producte\/material-naturalista\/caixes-niu\/caixa-niu-per-a-mallerengues-i-altres-ocells\/#primaryimage"},"thumbnailUrl":"https:\/\/wnature.org\/ca\/botiga\/wp-content\/uploads\/81Jjdb1s0TL._AC_SL1500_.jpg","datePublished":"2025-05-11T18:11:06+00:00","breadcrumb":{"@id":"https:\/\/wnature.org\/ca\/botiga\/producte\/material-naturalista\/caixes-niu\/caixa-niu-per-a-mallerengues-i-altres-ocells\/#breadcrumb"},"inLanguage":"ca","potentialAction":[{"@type":"ReadAction","target":["https:\/\/wnature.org\/ca\/botiga\/producte\/material-naturalista\/caixes-niu\/caixa-niu-per-a-mallerengues-i-altres-ocells\/"]}]},{"@type":"ImageObject","inLanguage":"ca","@id":"https:\/\/wnature.org\/ca\/botiga\/producte\/material-naturalista\/caixes-niu\/caixa-niu-per-a-mallerengues-i-altres-ocells\/#primaryimage","url":"https:\/\/wnature.org\/ca\/botiga\/wp-content\/uploads\/81Jjdb1s0TL._AC_SL1500_.jpg","contentUrl":"https:\/\/wnature.org\/ca\/botiga\/wp-content\/uploads\/81Jjdb1s0TL._AC_SL1500_.jpg","width":1421,"height":1500},{"@type":"BreadcrumbList","@id":"https:\/\/wnature.org\/ca\/botiga\/producte\/material-naturalista\/caixes-niu\/caixa-niu-per-a-mallerengues-i-altres-ocells\/#breadcrumb","itemListElement":[{"@type":"ListItem","position":1,"name":"Inici","item":"https:\/\/wnature.org\/ca\/botiga\/"},{"@type":"ListItem","position":2,"name":"Botiga","item":"https:\/\/wnature.org\/ca\/botiga\/"},{"@type":"ListItem","position":3,"name":"Caixa niu per a mallerengues i altres ocells"}]},{"@type":"WebSite","@id":"https:\/\/wnature.org\/ca\/botiga\/#website","url":"https:\/\/wnature.org\/ca\/botiga\/","name":"Botiga WNL","description":"Botiga WNL","potentialAction":[{"@type":"SearchAction","target":{"@type":"EntryPoint","urlTemplate":"https:\/\/wnature.org\/ca\/botiga\/?s={search_term_string}"},"query-input":{"@type":"PropertyValueSpecification","valueRequired":true,"valueName":"search_term_string"}}],"inLanguage":"ca"}]}},"_links":{"self":[{"href":"https:\/\/wnature.org\/ca\/botiga\/wp-json\/wp\/v2\/product\/682","targetHints":{"allow":["GET"]}}],"collection":[{"href":"https:\/\/wnature.org\/ca\/botiga\/wp-json\/wp\/v2\/product"}],"about":[{"href":"https:\/\/wnature.org\/ca\/botiga\/wp-json\/wp\/v2\/types\/product"}],"replies":[{"embeddable":true,"href":"https:\/\/wnature.org\/ca\/botiga\/wp-json\/wp\/v2\/comments?post=682"}],"version-history":[{"count":1,"href":"https:\/\/wnature.org\/ca\/botiga\/wp-json\/wp\/v2\/product\/682\/revisions"}],"predecessor-version":[{"id":688,"href":"https:\/\/wnature.org\/ca\/botiga\/wp-json\/wp\/v2\/product\/682\/revisions\/688"}],"wp:featuredmedia":[{"embeddable":true,"href":"https:\/\/wnature.org\/ca\/botiga\/wp-json\/wp\/v2\/media\/683"}],"wp:attachment":[{"href":"https:\/\/wnature.org\/ca\/botiga\/wp-json\/wp\/v2\/media?parent=682"}],"wp:term":[{"taxonomy":"product_brand","embeddable":true,"href":"https:\/\/wnature.org\/ca\/botiga\/wp-json\/wp\/v2\/product_brand?post=682"},{"taxonomy":"product_cat","embeddable":true,"href":"https:\/\/wnature.org\/ca\/botiga\/wp-json\/wp\/v2\/product_cat?post=682"},{"taxonomy":"product_tag","embeddable":true,"href":"https:\/\/wnature.org\/ca\/botiga\/wp-json\/wp\/v2\/product_tag?post=682"}],"curies":[{"name":"wp","href":"https:\/\/api.w.org\/{rel}","templated":true}]}}