{"id":669,"date":"2025-05-11T15:10:18","date_gmt":"2025-05-11T13:10:18","guid":{"rendered":"https:\/\/wnature.org\/ca\/botiga\/?post_type=product&#038;p=669"},"modified":"2025-05-11T15:12:39","modified_gmt":"2025-05-11T13:12:39","slug":"mochila-de-montana-y-senderismo-38l-quechua-mh500-negro","status":"publish","type":"product","link":"https:\/\/wnature.org\/ca\/botiga\/producte\/equipament\/motxilles\/mochila-de-montana-y-senderismo-38l-quechua-mh500-negro\/","title":{"rendered":"Mochila de monta\u00f1a y senderismo 38L Quechua MH500 negro"},"content":{"rendered":"","protected":false},"excerpt":{"rendered":"<p>Motxilla encoixinada amb escuma des dels tirants fins al cintur\u00f3 per repartir el pes entre les espatlles i els malucs. Ideal per al senderisme en fam\u00edlia!<\/p>\n<p>Gaudeix de la lleugeresa i l&#8217;ajust de la carcassa regulable. La seva esquena ventilada, dissenyada pels nostres equips, garanteix una ventilaci\u00f3 \u00f2ptima per a m\u00e9s confort durant el senderisme.<\/p>\n","protected":false},"featured_media":670,"comment_status":"open","ping_status":"closed","template":"","meta":[],"product_brand":[],"product_cat":[34,37],"product_tag":[],"class_list":{"0":"post-669","1":"product","2":"type-product","3":"status-publish","4":"has-post-thumbnail","6":"product_cat-equipament","7":"product_cat-motxilles","9":"first","10":"instock","11":"taxable","12":"shipping-taxable","13":"product-type-external"},"yoast_head":"<!-- This site is optimized with the Yoast SEO plugin v27.5 - https:\/\/yoast.com\/product\/yoast-seo-wordpress\/ -->\n<title>Mochila de monta\u00f1a y senderismo 38L Quechua MH500 negro - Botiga WNL<\/title>\n<meta name=\"robots\" content=\"index, follow, max-snippet:-1, max-image-preview:large, max-video-preview:-1\" \/>\n<link rel=\"canonical\" href=\"https:\/\/wnature.org\/ca\/botiga\/producte\/equipament\/motxilles\/mochila-de-montana-y-senderismo-38l-quechua-mh500-negro\/\" \/>\n<meta property=\"og:locale\" content=\"ca_ES\" \/>\n<meta property=\"og:type\" content=\"article\" \/>\n<meta property=\"og:title\" content=\"Mochila de monta\u00f1a y senderismo 38L Quechua MH500 negro - Botiga WNL\" \/>\n<meta property=\"og:description\" content=\"Motxilla encoixinada amb escuma des dels tirants fins al cintur\u00f3 per repartir el pes entre les espatlles i els malucs. Ideal per al senderisme en fam\u00edlia!  Gaudeix de la lleugeresa i l&#039;ajust de la carcassa regulable. La seva esquena ventilada, dissenyada pels nostres equips, garanteix una ventilaci\u00f3 \u00f2ptima per a m\u00e9s confort durant el senderisme.\" \/>\n<meta property=\"og:url\" content=\"https:\/\/wnature.org\/ca\/botiga\/producte\/equipament\/motxilles\/mochila-de-montana-y-senderismo-38l-quechua-mh500-negro\/\" \/>\n<meta property=\"og:site_name\" content=\"Botiga WNL\" \/>\n<meta property=\"article:modified_time\" content=\"2025-05-11T13:12:39+00:00\" \/>\n<meta property=\"og:image\" content=\"https:\/\/wnature.org\/ca\/botiga\/wp-content\/uploads\/mochila-de-montana-y-senderismo-38l-quechua-mh500-negro_8_11zon.webp\" \/>\n\t<meta property=\"og:image:width\" content=\"969\" \/>\n\t<meta property=\"og:image:height\" content=\"969\" \/>\n\t<meta property=\"og:image:type\" content=\"image\/webp\" \/>\n<meta name=\"twitter:card\" content=\"summary_large_image\" \/>\n<meta name=\"twitter:label1\" content=\"Temps estimat de lectura\" \/>\n\t<meta name=\"twitter:data1\" content=\"2 minuts\" \/>\n<script type=\"application\/ld+json\" class=\"yoast-schema-graph\">{\"@context\":\"https:\\\/\\\/schema.org\",\"@graph\":[{\"@type\":\"WebPage\",\"@id\":\"https:\\\/\\\/wnature.org\\\/ca\\\/botiga\\\/producte\\\/equipament\\\/motxilles\\\/mochila-de-montana-y-senderismo-38l-quechua-mh500-negro\\\/\",\"url\":\"https:\\\/\\\/wnature.org\\\/ca\\\/botiga\\\/producte\\\/equipament\\\/motxilles\\\/mochila-de-montana-y-senderismo-38l-quechua-mh500-negro\\\/\",\"name\":\"Mochila de monta\u00f1a y senderismo 38L Quechua MH500 negro - Botiga WNL\",\"isPartOf\":{\"@id\":\"https:\\\/\\\/wnature.org\\\/ca\\\/botiga\\\/#website\"},\"primaryImageOfPage\":{\"@id\":\"https:\\\/\\\/wnature.org\\\/ca\\\/botiga\\\/producte\\\/equipament\\\/motxilles\\\/mochila-de-montana-y-senderismo-38l-quechua-mh500-negro\\\/#primaryimage\"},\"image\":{\"@id\":\"https:\\\/\\\/wnature.org\\\/ca\\\/botiga\\\/producte\\\/equipament\\\/motxilles\\\/mochila-de-montana-y-senderismo-38l-quechua-mh500-negro\\\/#primaryimage\"},\"thumbnailUrl\":\"https:\\\/\\\/wnature.org\\\/ca\\\/botiga\\\/wp-content\\\/uploads\\\/mochila-de-montana-y-senderismo-38l-quechua-mh500-negro_8_11zon.webp\",\"datePublished\":\"2025-05-11T13:10:18+00:00\",\"dateModified\":\"2025-05-11T13:12:39+00:00\",\"breadcrumb\":{\"@id\":\"https:\\\/\\\/wnature.org\\\/ca\\\/botiga\\\/producte\\\/equipament\\\/motxilles\\\/mochila-de-montana-y-senderismo-38l-quechua-mh500-negro\\\/#breadcrumb\"},\"inLanguage\":\"ca\",\"potentialAction\":[{\"@type\":\"ReadAction\",\"target\":[\"https:\\\/\\\/wnature.org\\\/ca\\\/botiga\\\/producte\\\/equipament\\\/motxilles\\\/mochila-de-montana-y-senderismo-38l-quechua-mh500-negro\\\/\"]}]},{\"@type\":\"ImageObject\",\"inLanguage\":\"ca\",\"@id\":\"https:\\\/\\\/wnature.org\\\/ca\\\/botiga\\\/producte\\\/equipament\\\/motxilles\\\/mochila-de-montana-y-senderismo-38l-quechua-mh500-negro\\\/#primaryimage\",\"url\":\"https:\\\/\\\/wnature.org\\\/ca\\\/botiga\\\/wp-content\\\/uploads\\\/mochila-de-montana-y-senderismo-38l-quechua-mh500-negro_8_11zon.webp\",\"contentUrl\":\"https:\\\/\\\/wnature.org\\\/ca\\\/botiga\\\/wp-content\\\/uploads\\\/mochila-de-montana-y-senderismo-38l-quechua-mh500-negro_8_11zon.webp\",\"width\":969,\"height\":969},{\"@type\":\"BreadcrumbList\",\"@id\":\"https:\\\/\\\/wnature.org\\\/ca\\\/botiga\\\/producte\\\/equipament\\\/motxilles\\\/mochila-de-montana-y-senderismo-38l-quechua-mh500-negro\\\/#breadcrumb\",\"itemListElement\":[{\"@type\":\"ListItem\",\"position\":1,\"name\":\"Inici\",\"item\":\"https:\\\/\\\/wnature.org\\\/ca\\\/botiga\\\/\"},{\"@type\":\"ListItem\",\"position\":2,\"name\":\"Botiga\",\"item\":\"https:\\\/\\\/wnature.org\\\/ca\\\/botiga\\\/\"},{\"@type\":\"ListItem\",\"position\":3,\"name\":\"Mochila de monta\u00f1a y senderismo 38L Quechua MH500 negro\"}]},{\"@type\":\"WebSite\",\"@id\":\"https:\\\/\\\/wnature.org\\\/ca\\\/botiga\\\/#website\",\"url\":\"https:\\\/\\\/wnature.org\\\/ca\\\/botiga\\\/\",\"name\":\"Botiga WNL\",\"description\":\"Botiga WNL\",\"potentialAction\":[{\"@type\":\"SearchAction\",\"target\":{\"@type\":\"EntryPoint\",\"urlTemplate\":\"https:\\\/\\\/wnature.org\\\/ca\\\/botiga\\\/?s={search_term_string}\"},\"query-input\":{\"@type\":\"PropertyValueSpecification\",\"valueRequired\":true,\"valueName\":\"search_term_string\"}}],\"inLanguage\":\"ca\"}]}<\/script>\n<!-- \/ Yoast SEO plugin. -->","yoast_head_json":{"title":"Mochila de monta\u00f1a y senderismo 38L Quechua MH500 negro - Botiga WNL","robots":{"index":"index","follow":"follow","max-snippet":"max-snippet:-1","max-image-preview":"max-image-preview:large","max-video-preview":"max-video-preview:-1"},"canonical":"https:\/\/wnature.org\/ca\/botiga\/producte\/equipament\/motxilles\/mochila-de-montana-y-senderismo-38l-quechua-mh500-negro\/","og_locale":"ca_ES","og_type":"article","og_title":"Mochila de monta\u00f1a y senderismo 38L Quechua MH500 negro - Botiga WNL","og_description":"Motxilla encoixinada amb escuma des dels tirants fins al cintur\u00f3 per repartir el pes entre les espatlles i els malucs. Ideal per al senderisme en fam\u00edlia!  Gaudeix de la lleugeresa i l'ajust de la carcassa regulable. La seva esquena ventilada, dissenyada pels nostres equips, garanteix una ventilaci\u00f3 \u00f2ptima per a m\u00e9s confort durant el senderisme.","og_url":"https:\/\/wnature.org\/ca\/botiga\/producte\/equipament\/motxilles\/mochila-de-montana-y-senderismo-38l-quechua-mh500-negro\/","og_site_name":"Botiga WNL","article_modified_time":"2025-05-11T13:12:39+00:00","og_image":[{"width":969,"height":969,"url":"https:\/\/wnature.org\/ca\/botiga\/wp-content\/uploads\/mochila-de-montana-y-senderismo-38l-quechua-mh500-negro_8_11zon.webp","type":"image\/webp"}],"twitter_card":"summary_large_image","twitter_misc":{"Temps estimat de lectura":"2 minuts"},"schema":{"@context":"https:\/\/schema.org","@graph":[{"@type":"WebPage","@id":"https:\/\/wnature.org\/ca\/botiga\/producte\/equipament\/motxilles\/mochila-de-montana-y-senderismo-38l-quechua-mh500-negro\/","url":"https:\/\/wnature.org\/ca\/botiga\/producte\/equipament\/motxilles\/mochila-de-montana-y-senderismo-38l-quechua-mh500-negro\/","name":"Mochila de monta\u00f1a y senderismo 38L Quechua MH500 negro - Botiga WNL","isPartOf":{"@id":"https:\/\/wnature.org\/ca\/botiga\/#website"},"primaryImageOfPage":{"@id":"https:\/\/wnature.org\/ca\/botiga\/producte\/equipament\/motxilles\/mochila-de-montana-y-senderismo-38l-quechua-mh500-negro\/#primaryimage"},"image":{"@id":"https:\/\/wnature.org\/ca\/botiga\/producte\/equipament\/motxilles\/mochila-de-montana-y-senderismo-38l-quechua-mh500-negro\/#primaryimage"},"thumbnailUrl":"https:\/\/wnature.org\/ca\/botiga\/wp-content\/uploads\/mochila-de-montana-y-senderismo-38l-quechua-mh500-negro_8_11zon.webp","datePublished":"2025-05-11T13:10:18+00:00","dateModified":"2025-05-11T13:12:39+00:00","breadcrumb":{"@id":"https:\/\/wnature.org\/ca\/botiga\/producte\/equipament\/motxilles\/mochila-de-montana-y-senderismo-38l-quechua-mh500-negro\/#breadcrumb"},"inLanguage":"ca","potentialAction":[{"@type":"ReadAction","target":["https:\/\/wnature.org\/ca\/botiga\/producte\/equipament\/motxilles\/mochila-de-montana-y-senderismo-38l-quechua-mh500-negro\/"]}]},{"@type":"ImageObject","inLanguage":"ca","@id":"https:\/\/wnature.org\/ca\/botiga\/producte\/equipament\/motxilles\/mochila-de-montana-y-senderismo-38l-quechua-mh500-negro\/#primaryimage","url":"https:\/\/wnature.org\/ca\/botiga\/wp-content\/uploads\/mochila-de-montana-y-senderismo-38l-quechua-mh500-negro_8_11zon.webp","contentUrl":"https:\/\/wnature.org\/ca\/botiga\/wp-content\/uploads\/mochila-de-montana-y-senderismo-38l-quechua-mh500-negro_8_11zon.webp","width":969,"height":969},{"@type":"BreadcrumbList","@id":"https:\/\/wnature.org\/ca\/botiga\/producte\/equipament\/motxilles\/mochila-de-montana-y-senderismo-38l-quechua-mh500-negro\/#breadcrumb","itemListElement":[{"@type":"ListItem","position":1,"name":"Inici","item":"https:\/\/wnature.org\/ca\/botiga\/"},{"@type":"ListItem","position":2,"name":"Botiga","item":"https:\/\/wnature.org\/ca\/botiga\/"},{"@type":"ListItem","position":3,"name":"Mochila de monta\u00f1a y senderismo 38L Quechua MH500 negro"}]},{"@type":"WebSite","@id":"https:\/\/wnature.org\/ca\/botiga\/#website","url":"https:\/\/wnature.org\/ca\/botiga\/","name":"Botiga WNL","description":"Botiga WNL","potentialAction":[{"@type":"SearchAction","target":{"@type":"EntryPoint","urlTemplate":"https:\/\/wnature.org\/ca\/botiga\/?s={search_term_string}"},"query-input":{"@type":"PropertyValueSpecification","valueRequired":true,"valueName":"search_term_string"}}],"inLanguage":"ca"}]}},"_links":{"self":[{"href":"https:\/\/wnature.org\/ca\/botiga\/wp-json\/wp\/v2\/product\/669","targetHints":{"allow":["GET"]}}],"collection":[{"href":"https:\/\/wnature.org\/ca\/botiga\/wp-json\/wp\/v2\/product"}],"about":[{"href":"https:\/\/wnature.org\/ca\/botiga\/wp-json\/wp\/v2\/types\/product"}],"replies":[{"embeddable":true,"href":"https:\/\/wnature.org\/ca\/botiga\/wp-json\/wp\/v2\/comments?post=669"}],"version-history":[{"count":1,"href":"https:\/\/wnature.org\/ca\/botiga\/wp-json\/wp\/v2\/product\/669\/revisions"}],"predecessor-version":[{"id":678,"href":"https:\/\/wnature.org\/ca\/botiga\/wp-json\/wp\/v2\/product\/669\/revisions\/678"}],"wp:featuredmedia":[{"embeddable":true,"href":"https:\/\/wnature.org\/ca\/botiga\/wp-json\/wp\/v2\/media\/670"}],"wp:attachment":[{"href":"https:\/\/wnature.org\/ca\/botiga\/wp-json\/wp\/v2\/media?parent=669"}],"wp:term":[{"taxonomy":"product_brand","embeddable":true,"href":"https:\/\/wnature.org\/ca\/botiga\/wp-json\/wp\/v2\/product_brand?post=669"},{"taxonomy":"product_cat","embeddable":true,"href":"https:\/\/wnature.org\/ca\/botiga\/wp-json\/wp\/v2\/product_cat?post=669"},{"taxonomy":"product_tag","embeddable":true,"href":"https:\/\/wnature.org\/ca\/botiga\/wp-json\/wp\/v2\/product_tag?post=669"}],"curies":[{"name":"wp","href":"https:\/\/api.w.org\/{rel}","templated":true}]}}