{"id":624,"date":"2025-05-11T11:04:48","date_gmt":"2025-05-11T09:04:48","guid":{"rendered":"https:\/\/wnature.org\/ca\/botiga\/producte\/sense%20categoria\/camiseta-de-manga-corta-unisex\/"},"modified":"2025-05-11T12:11:11","modified_gmt":"2025-05-11T10:11:11","slug":"samarreta-tigre-maniga-curta-unisex","status":"publish","type":"product","link":"https:\/\/wnature.org\/ca\/botiga\/producte\/roba\/samarretes\/samarreta-tigre-maniga-curta-unisex\/","title":{"rendered":"Samarreta TIGRE m\u00e0niga curta unisex"},"content":{"rendered":"<p>Acabas de encontrar la camiseta esencial para tu fondo de armario. Est\u00e1 confeccionada en un algod\u00f3n 100% hilado en anillos que la hace una prenda suave y c\u00f3moda. El doble punto en el cuello y las mangas a\u00f1ade m\u00e1s durabilidad que seguro la convertir\u00e1 en una de tus prendas favoritas.  <\/p>\n<p>\u2022 Algod\u00f3n 100% hilado en anillos<br \/>\n\u2022 El tono Sport Grey es 90% algod\u00f3n, 10% poli\u00e9ster<br \/>\n\u2022 El tono Dark Heather es 65% poli\u00e9ster y 35% algod\u00f3n<br \/>\n\u2022 153 g\/m\u00b2 (4,5 oz\/yd\u00b2)<br \/>\n\u2022 Tapeta de hombro a hombro<br \/>\n\u2022 Cuerpo con un cuarto de vuelta para evitar arrugas en el centro<br \/>\n\u2022 Producto base procedente de Banglad\u00e9s, Nicaragua, Honduras, Rep\u00fablica Dominicana, Hait\u00ed o Guatemala<\/p>\n<p>Descargo de responsabilidad:\u00a0Debido a las propiedades de la tela, la variante de color blanco puede ser blanco roto en lugar de blanco brillante.<\/p>\n<p>Age restrictions: Para adultos<br \/>\nEU Warranty: 2 a\u00f1os<br \/>\nOther compliance information: Cumple los requisitos de inflamabilidad, plomo, cadmio, ftalatos y formaldeh\u00eddo.<\/p>\n<p>En cumplimiento del Reglamento general de seguridad de los productos (GPSR), <b>Oak inc.<\/b>y <b>SINDEN VENTURES LIMITED<\/b>garantizan que todos los productos de consumo ofrecidos sean seguros y cumplan con los est\u00e1ndares de la UE. Para cualquier consulta o inquietud relacionada con la seguridad del producto, ponte en contacto con nuestro representante de la UE en <b>gpsr@sindenventures.com<\/b>. Tambi\u00e9n puedes escribirnos a <b>123 Main Street, Anytown, Country<\/b> o<b \/> Markou Evgenikou 11, Mesa Geitonia, 4002, Limassol, Cyprus.<b><\/p>\n","protected":false},"excerpt":{"rendered":"<p>Acabas de encontrar la camiseta esencial para tu fondo de armario. Est\u00e1 confeccionada en un algod\u00f3n 100% hilado en anillos que la hace una prenda suave y c\u00f3moda. El doble punto en el cuello y las mangas a\u00f1ade m\u00e1s durabilidad que seguro la convertir\u00e1 en una de tus prendas favoritas. \u2022 Algod\u00f3n 100% hilado en [&hellip;]<\/p>\n","protected":false},"featured_media":632,"comment_status":"open","ping_status":"closed","template":"","meta":[],"product_brand":[],"product_cat":[50,51],"product_tag":[],"class_list":{"0":"post-624","1":"product","2":"type-product","3":"status-publish","4":"has-post-thumbnail","6":"product_cat-roba","7":"product_cat-samarretes","9":"first","10":"instock","11":"taxable","12":"shipping-taxable","13":"purchasable","14":"product-type-variable"},"yoast_head":"<!-- This site is optimized with the Yoast SEO plugin v27.5 - https:\/\/yoast.com\/product\/yoast-seo-wordpress\/ -->\n<title>Samarreta TIGRE m\u00e0niga curta unisex - Botiga WNL<\/title>\n<meta name=\"robots\" content=\"index, follow, max-snippet:-1, max-image-preview:large, max-video-preview:-1\" \/>\n<link rel=\"canonical\" href=\"https:\/\/wnature.org\/ca\/botiga\/producte\/roba\/samarretes\/samarreta-tigre-maniga-curta-unisex\/\" \/>\n<meta property=\"og:locale\" content=\"ca_ES\" \/>\n<meta property=\"og:type\" content=\"article\" \/>\n<meta property=\"og:title\" content=\"Samarreta TIGRE m\u00e0niga curta unisex - Botiga WNL\" \/>\n<meta property=\"og:description\" content=\"Acabas de encontrar la camiseta esencial para tu fondo de armario. Est\u00e1 confeccionada en un algod\u00f3n 100% hilado en anillos que la hace una prenda suave y c\u00f3moda. El doble punto en el cuello y las mangas a\u00f1ade m\u00e1s durabilidad que seguro la convertir\u00e1 en una de tus prendas favoritas. \u2022 Algod\u00f3n 100% hilado en [&hellip;]\" \/>\n<meta property=\"og:url\" content=\"https:\/\/wnature.org\/ca\/botiga\/producte\/roba\/samarretes\/samarreta-tigre-maniga-curta-unisex\/\" \/>\n<meta property=\"og:site_name\" content=\"Botiga WNL\" \/>\n<meta property=\"article:modified_time\" content=\"2025-05-11T10:11:11+00:00\" \/>\n<meta property=\"og:image\" content=\"https:\/\/wnature.org\/ca\/botiga\/wp-content\/uploads\/unisex-basic-softstyle-t-shirt-white-front-68206818d718e.jpg\" \/>\n\t<meta property=\"og:image:width\" content=\"2000\" \/>\n\t<meta property=\"og:image:height\" content=\"2000\" \/>\n\t<meta property=\"og:image:type\" content=\"image\/jpeg\" \/>\n<meta name=\"twitter:card\" content=\"summary_large_image\" \/>\n<meta name=\"twitter:label1\" content=\"Temps estimat de lectura\" \/>\n\t<meta name=\"twitter:data1\" content=\"1 minut\" \/>\n<script type=\"application\/ld+json\" class=\"yoast-schema-graph\">{\"@context\":\"https:\\\/\\\/schema.org\",\"@graph\":[{\"@type\":\"WebPage\",\"@id\":\"https:\\\/\\\/wnature.org\\\/ca\\\/botiga\\\/producte\\\/roba\\\/samarretes\\\/samarreta-tigre-maniga-curta-unisex\\\/\",\"url\":\"https:\\\/\\\/wnature.org\\\/ca\\\/botiga\\\/producte\\\/roba\\\/samarretes\\\/samarreta-tigre-maniga-curta-unisex\\\/\",\"name\":\"Samarreta TIGRE m\u00e0niga curta unisex - Botiga WNL\",\"isPartOf\":{\"@id\":\"https:\\\/\\\/wnature.org\\\/ca\\\/botiga\\\/#website\"},\"primaryImageOfPage\":{\"@id\":\"https:\\\/\\\/wnature.org\\\/ca\\\/botiga\\\/producte\\\/roba\\\/samarretes\\\/samarreta-tigre-maniga-curta-unisex\\\/#primaryimage\"},\"image\":{\"@id\":\"https:\\\/\\\/wnature.org\\\/ca\\\/botiga\\\/producte\\\/roba\\\/samarretes\\\/samarreta-tigre-maniga-curta-unisex\\\/#primaryimage\"},\"thumbnailUrl\":\"https:\\\/\\\/wnature.org\\\/ca\\\/botiga\\\/wp-content\\\/uploads\\\/unisex-basic-softstyle-t-shirt-white-front-68206818d718e.jpg\",\"datePublished\":\"2025-05-11T09:04:48+00:00\",\"dateModified\":\"2025-05-11T10:11:11+00:00\",\"breadcrumb\":{\"@id\":\"https:\\\/\\\/wnature.org\\\/ca\\\/botiga\\\/producte\\\/roba\\\/samarretes\\\/samarreta-tigre-maniga-curta-unisex\\\/#breadcrumb\"},\"inLanguage\":\"ca\",\"potentialAction\":[{\"@type\":\"ReadAction\",\"target\":[\"https:\\\/\\\/wnature.org\\\/ca\\\/botiga\\\/producte\\\/roba\\\/samarretes\\\/samarreta-tigre-maniga-curta-unisex\\\/\"]}]},{\"@type\":\"ImageObject\",\"inLanguage\":\"ca\",\"@id\":\"https:\\\/\\\/wnature.org\\\/ca\\\/botiga\\\/producte\\\/roba\\\/samarretes\\\/samarreta-tigre-maniga-curta-unisex\\\/#primaryimage\",\"url\":\"https:\\\/\\\/wnature.org\\\/ca\\\/botiga\\\/wp-content\\\/uploads\\\/unisex-basic-softstyle-t-shirt-white-front-68206818d718e.jpg\",\"contentUrl\":\"https:\\\/\\\/wnature.org\\\/ca\\\/botiga\\\/wp-content\\\/uploads\\\/unisex-basic-softstyle-t-shirt-white-front-68206818d718e.jpg\",\"width\":2000,\"height\":2000},{\"@type\":\"BreadcrumbList\",\"@id\":\"https:\\\/\\\/wnature.org\\\/ca\\\/botiga\\\/producte\\\/roba\\\/samarretes\\\/samarreta-tigre-maniga-curta-unisex\\\/#breadcrumb\",\"itemListElement\":[{\"@type\":\"ListItem\",\"position\":1,\"name\":\"Inici\",\"item\":\"https:\\\/\\\/wnature.org\\\/ca\\\/botiga\\\/\"},{\"@type\":\"ListItem\",\"position\":2,\"name\":\"Botiga\",\"item\":\"https:\\\/\\\/wnature.org\\\/ca\\\/botiga\\\/\"},{\"@type\":\"ListItem\",\"position\":3,\"name\":\"Samarreta TIGRE m\u00e0niga curta unisex\"}]},{\"@type\":\"WebSite\",\"@id\":\"https:\\\/\\\/wnature.org\\\/ca\\\/botiga\\\/#website\",\"url\":\"https:\\\/\\\/wnature.org\\\/ca\\\/botiga\\\/\",\"name\":\"Botiga WNL\",\"description\":\"Botiga WNL\",\"potentialAction\":[{\"@type\":\"SearchAction\",\"target\":{\"@type\":\"EntryPoint\",\"urlTemplate\":\"https:\\\/\\\/wnature.org\\\/ca\\\/botiga\\\/?s={search_term_string}\"},\"query-input\":{\"@type\":\"PropertyValueSpecification\",\"valueRequired\":true,\"valueName\":\"search_term_string\"}}],\"inLanguage\":\"ca\"}]}<\/script>\n<!-- \/ Yoast SEO plugin. -->","yoast_head_json":{"title":"Samarreta TIGRE m\u00e0niga curta unisex - Botiga WNL","robots":{"index":"index","follow":"follow","max-snippet":"max-snippet:-1","max-image-preview":"max-image-preview:large","max-video-preview":"max-video-preview:-1"},"canonical":"https:\/\/wnature.org\/ca\/botiga\/producte\/roba\/samarretes\/samarreta-tigre-maniga-curta-unisex\/","og_locale":"ca_ES","og_type":"article","og_title":"Samarreta TIGRE m\u00e0niga curta unisex - Botiga WNL","og_description":"Acabas de encontrar la camiseta esencial para tu fondo de armario. Est\u00e1 confeccionada en un algod\u00f3n 100% hilado en anillos que la hace una prenda suave y c\u00f3moda. El doble punto en el cuello y las mangas a\u00f1ade m\u00e1s durabilidad que seguro la convertir\u00e1 en una de tus prendas favoritas. \u2022 Algod\u00f3n 100% hilado en [&hellip;]","og_url":"https:\/\/wnature.org\/ca\/botiga\/producte\/roba\/samarretes\/samarreta-tigre-maniga-curta-unisex\/","og_site_name":"Botiga WNL","article_modified_time":"2025-05-11T10:11:11+00:00","og_image":[{"width":2000,"height":2000,"url":"https:\/\/wnature.org\/ca\/botiga\/wp-content\/uploads\/unisex-basic-softstyle-t-shirt-white-front-68206818d718e.jpg","type":"image\/jpeg"}],"twitter_card":"summary_large_image","twitter_misc":{"Temps estimat de lectura":"1 minut"},"schema":{"@context":"https:\/\/schema.org","@graph":[{"@type":"WebPage","@id":"https:\/\/wnature.org\/ca\/botiga\/producte\/roba\/samarretes\/samarreta-tigre-maniga-curta-unisex\/","url":"https:\/\/wnature.org\/ca\/botiga\/producte\/roba\/samarretes\/samarreta-tigre-maniga-curta-unisex\/","name":"Samarreta TIGRE m\u00e0niga curta unisex - Botiga WNL","isPartOf":{"@id":"https:\/\/wnature.org\/ca\/botiga\/#website"},"primaryImageOfPage":{"@id":"https:\/\/wnature.org\/ca\/botiga\/producte\/roba\/samarretes\/samarreta-tigre-maniga-curta-unisex\/#primaryimage"},"image":{"@id":"https:\/\/wnature.org\/ca\/botiga\/producte\/roba\/samarretes\/samarreta-tigre-maniga-curta-unisex\/#primaryimage"},"thumbnailUrl":"https:\/\/wnature.org\/ca\/botiga\/wp-content\/uploads\/unisex-basic-softstyle-t-shirt-white-front-68206818d718e.jpg","datePublished":"2025-05-11T09:04:48+00:00","dateModified":"2025-05-11T10:11:11+00:00","breadcrumb":{"@id":"https:\/\/wnature.org\/ca\/botiga\/producte\/roba\/samarretes\/samarreta-tigre-maniga-curta-unisex\/#breadcrumb"},"inLanguage":"ca","potentialAction":[{"@type":"ReadAction","target":["https:\/\/wnature.org\/ca\/botiga\/producte\/roba\/samarretes\/samarreta-tigre-maniga-curta-unisex\/"]}]},{"@type":"ImageObject","inLanguage":"ca","@id":"https:\/\/wnature.org\/ca\/botiga\/producte\/roba\/samarretes\/samarreta-tigre-maniga-curta-unisex\/#primaryimage","url":"https:\/\/wnature.org\/ca\/botiga\/wp-content\/uploads\/unisex-basic-softstyle-t-shirt-white-front-68206818d718e.jpg","contentUrl":"https:\/\/wnature.org\/ca\/botiga\/wp-content\/uploads\/unisex-basic-softstyle-t-shirt-white-front-68206818d718e.jpg","width":2000,"height":2000},{"@type":"BreadcrumbList","@id":"https:\/\/wnature.org\/ca\/botiga\/producte\/roba\/samarretes\/samarreta-tigre-maniga-curta-unisex\/#breadcrumb","itemListElement":[{"@type":"ListItem","position":1,"name":"Inici","item":"https:\/\/wnature.org\/ca\/botiga\/"},{"@type":"ListItem","position":2,"name":"Botiga","item":"https:\/\/wnature.org\/ca\/botiga\/"},{"@type":"ListItem","position":3,"name":"Samarreta TIGRE m\u00e0niga curta unisex"}]},{"@type":"WebSite","@id":"https:\/\/wnature.org\/ca\/botiga\/#website","url":"https:\/\/wnature.org\/ca\/botiga\/","name":"Botiga WNL","description":"Botiga WNL","potentialAction":[{"@type":"SearchAction","target":{"@type":"EntryPoint","urlTemplate":"https:\/\/wnature.org\/ca\/botiga\/?s={search_term_string}"},"query-input":{"@type":"PropertyValueSpecification","valueRequired":true,"valueName":"search_term_string"}}],"inLanguage":"ca"}]}},"_links":{"self":[{"href":"https:\/\/wnature.org\/ca\/botiga\/wp-json\/wp\/v2\/product\/624","targetHints":{"allow":["GET"]}}],"collection":[{"href":"https:\/\/wnature.org\/ca\/botiga\/wp-json\/wp\/v2\/product"}],"about":[{"href":"https:\/\/wnature.org\/ca\/botiga\/wp-json\/wp\/v2\/types\/product"}],"replies":[{"embeddable":true,"href":"https:\/\/wnature.org\/ca\/botiga\/wp-json\/wp\/v2\/comments?post=624"}],"version-history":[{"count":2,"href":"https:\/\/wnature.org\/ca\/botiga\/wp-json\/wp\/v2\/product\/624\/revisions"}],"predecessor-version":[{"id":657,"href":"https:\/\/wnature.org\/ca\/botiga\/wp-json\/wp\/v2\/product\/624\/revisions\/657"}],"wp:featuredmedia":[{"embeddable":true,"href":"https:\/\/wnature.org\/ca\/botiga\/wp-json\/wp\/v2\/media\/632"}],"wp:attachment":[{"href":"https:\/\/wnature.org\/ca\/botiga\/wp-json\/wp\/v2\/media?parent=624"}],"wp:term":[{"taxonomy":"product_brand","embeddable":true,"href":"https:\/\/wnature.org\/ca\/botiga\/wp-json\/wp\/v2\/product_brand?post=624"},{"taxonomy":"product_cat","embeddable":true,"href":"https:\/\/wnature.org\/ca\/botiga\/wp-json\/wp\/v2\/product_cat?post=624"},{"taxonomy":"product_tag","embeddable":true,"href":"https:\/\/wnature.org\/ca\/botiga\/wp-json\/wp\/v2\/product_tag?post=624"}],"curies":[{"name":"wp","href":"https:\/\/api.w.org\/{rel}","templated":true}]}}