{"id":519,"date":"2025-05-10T18:11:35","date_gmt":"2025-05-10T16:11:35","guid":{"rendered":"https:\/\/wnature.org\/ca\/botiga\/producte\/sense%20categoria\/short-sleeve-unisex-t-shirt\/"},"modified":"2025-05-19T11:40:55","modified_gmt":"2025-05-19T09:40:55","slug":"samarreta-llop-colors","status":"publish","type":"product","link":"https:\/\/wnature.org\/ca\/botiga\/producte\/roba\/samarretes\/samarreta-llop-colors\/","title":{"rendered":"Samarreta Llop colors"},"content":{"rendered":"<p>Ara has trobat la samarreta imprescindible del teu armari. Est\u00e0 feta de cot\u00f3 100% filat en anell i \u00e9s suau i c\u00f2moda. La doble costura a l&#8217;escot i les m\u00e0nigues afegeix m\u00e9s durabilitat al que segur que ser\u00e0 el teu favorit!<\/p>\n<p>\u2022 100% cot\u00f3 filat en anell<br \/>\n\u2022 Gris esportiu \u00e9s 90% cot\u00f3 filat en anell, 10% poli\u00e8ster<br \/>\n\u2022 Jaspiat fosc \u00e9s 65% poli\u00e8ster, 35% cot\u00f3<br \/>\n\u2022 4.5 oz\/yd\u00b2 (153 g\/m\u00b2)<br \/>\n\u2022 Cinta d&#8217;espatlla a espatlla<br \/>\n\u2022 Girada en un quart per evitar arrugues al centre<br \/>\n\u2022 Producte en blanc procedent de Bangladesh, Nicaragua, Hondures, Rep\u00fablica Dominicana, Hait\u00ed o Guatemala<\/p>\n<p>Av\u00eds legal: a causa de les propietats del teixit, la variant de color blanc pot semblar blanquinosa en lloc de blanc brillant.<\/p>\n<p>Aquest producte est\u00e0 fet especialment per a tu tan bon punt fas una comanda, per aix\u00f2 triguem una mica m\u00e9s a lliurar-te&#8217;l. Fabricar productes a demanda en lloc de a l&#8217;engr\u00f2s ajuda a reduir la sobreproducci\u00f3, aix\u00ed que gr\u00e0cies per prendre decisions de compra ben pensades!<\/p>\n<p>Restriccions d&#8217;edat: Per a adults<br \/>\nGarantia de la UE: 2 anys<br \/>\nAltra informaci\u00f3 de compliment: Compleix els requisits de nivell d&#8217;inflamabilitat, plom, cadmi, ftalats i formaldehid.<\/p>\n<p>De conformitat amb el Reglament general de seguretat dels productes (GPSR), Oak inc. i SINDEN VENTURES LIMITED garanteixen que tots els productes de consum oferts siguin segurs i compleixin els est\u00e0ndards de la UE. Per a qualsevol consulta o dubte relacionat amb la seguretat dels productes, poseu-vos en contacte amb el nostre representant de la UE a gpsr@sindenventures.com. Tamb\u00e9 podeu escriure&#8217;ns a 123 Main Street, Anytown, Country o Markou Evgenikou 11, Mesa Geitonia, 4002, Limassol, Xipre.<\/p>\n","protected":false},"excerpt":{"rendered":"<p>Ara has trobat la samarreta imprescindible del teu armari. Est\u00e0 feta de cot\u00f3 100% filat en anell i \u00e9s suau i c\u00f2moda. La doble costura a l&#8217;escot i les m\u00e0nigues afegeix m\u00e9s durabilitat al que segur que ser\u00e0 el teu favorit! \u2022 100% cot\u00f3 filat en anell \u2022 Gris esportiu \u00e9s 90% cot\u00f3 filat en [&hellip;]<\/p>\n","protected":false},"featured_media":537,"comment_status":"open","ping_status":"closed","template":"","meta":[],"product_brand":[],"product_cat":[50,51],"product_tag":[],"class_list":{"0":"post-519","1":"product","2":"type-product","3":"status-publish","4":"has-post-thumbnail","6":"product_cat-roba","7":"product_cat-samarretes","9":"first","10":"instock","11":"taxable","12":"shipping-taxable","13":"purchasable","14":"product-type-variable"},"yoast_head":"<!-- This site is optimized with the Yoast SEO plugin v27.5 - https:\/\/yoast.com\/product\/yoast-seo-wordpress\/ -->\n<title>Samarreta Llop colors - Botiga WNL<\/title>\n<meta name=\"robots\" content=\"index, follow, max-snippet:-1, max-image-preview:large, max-video-preview:-1\" \/>\n<link rel=\"canonical\" href=\"https:\/\/wnature.org\/ca\/botiga\/producte\/roba\/samarretes\/samarreta-llop-colors\/\" \/>\n<meta property=\"og:locale\" content=\"ca_ES\" \/>\n<meta property=\"og:type\" content=\"article\" \/>\n<meta property=\"og:title\" content=\"Samarreta Llop colors - Botiga WNL\" \/>\n<meta property=\"og:description\" content=\"Ara has trobat la samarreta imprescindible del teu armari. Est\u00e0 feta de cot\u00f3 100% filat en anell i \u00e9s suau i c\u00f2moda. La doble costura a l&#8217;escot i les m\u00e0nigues afegeix m\u00e9s durabilitat al que segur que ser\u00e0 el teu favorit! \u2022 100% cot\u00f3 filat en anell \u2022 Gris esportiu \u00e9s 90% cot\u00f3 filat en [&hellip;]\" \/>\n<meta property=\"og:url\" content=\"https:\/\/wnature.org\/ca\/botiga\/producte\/roba\/samarretes\/samarreta-llop-colors\/\" \/>\n<meta property=\"og:site_name\" content=\"Botiga WNL\" \/>\n<meta property=\"article:modified_time\" content=\"2025-05-19T09:40:55+00:00\" \/>\n<meta property=\"og:image\" content=\"https:\/\/wnature.org\/ca\/botiga\/wp-content\/uploads\/unisex-basic-softstyle-t-shirt-black-front-681f7a9967919.jpg\" \/>\n\t<meta property=\"og:image:width\" content=\"2000\" \/>\n\t<meta property=\"og:image:height\" content=\"2000\" \/>\n\t<meta property=\"og:image:type\" content=\"image\/jpeg\" \/>\n<meta name=\"twitter:card\" content=\"summary_large_image\" \/>\n<meta name=\"twitter:label1\" content=\"Temps estimat de lectura\" \/>\n\t<meta name=\"twitter:data1\" content=\"2 minuts\" \/>\n<script type=\"application\/ld+json\" class=\"yoast-schema-graph\">{\"@context\":\"https:\\\/\\\/schema.org\",\"@graph\":[{\"@type\":\"WebPage\",\"@id\":\"https:\\\/\\\/wnature.org\\\/ca\\\/botiga\\\/producte\\\/roba\\\/samarretes\\\/samarreta-llop-colors\\\/\",\"url\":\"https:\\\/\\\/wnature.org\\\/ca\\\/botiga\\\/producte\\\/roba\\\/samarretes\\\/samarreta-llop-colors\\\/\",\"name\":\"Samarreta Llop colors - Botiga WNL\",\"isPartOf\":{\"@id\":\"https:\\\/\\\/wnature.org\\\/ca\\\/botiga\\\/#website\"},\"primaryImageOfPage\":{\"@id\":\"https:\\\/\\\/wnature.org\\\/ca\\\/botiga\\\/producte\\\/roba\\\/samarretes\\\/samarreta-llop-colors\\\/#primaryimage\"},\"image\":{\"@id\":\"https:\\\/\\\/wnature.org\\\/ca\\\/botiga\\\/producte\\\/roba\\\/samarretes\\\/samarreta-llop-colors\\\/#primaryimage\"},\"thumbnailUrl\":\"https:\\\/\\\/wnature.org\\\/ca\\\/botiga\\\/wp-content\\\/uploads\\\/unisex-basic-softstyle-t-shirt-black-front-681f7a9967919.jpg\",\"datePublished\":\"2025-05-10T16:11:35+00:00\",\"dateModified\":\"2025-05-19T09:40:55+00:00\",\"breadcrumb\":{\"@id\":\"https:\\\/\\\/wnature.org\\\/ca\\\/botiga\\\/producte\\\/roba\\\/samarretes\\\/samarreta-llop-colors\\\/#breadcrumb\"},\"inLanguage\":\"ca\",\"potentialAction\":[{\"@type\":\"ReadAction\",\"target\":[\"https:\\\/\\\/wnature.org\\\/ca\\\/botiga\\\/producte\\\/roba\\\/samarretes\\\/samarreta-llop-colors\\\/\"]}]},{\"@type\":\"ImageObject\",\"inLanguage\":\"ca\",\"@id\":\"https:\\\/\\\/wnature.org\\\/ca\\\/botiga\\\/producte\\\/roba\\\/samarretes\\\/samarreta-llop-colors\\\/#primaryimage\",\"url\":\"https:\\\/\\\/wnature.org\\\/ca\\\/botiga\\\/wp-content\\\/uploads\\\/unisex-basic-softstyle-t-shirt-black-front-681f7a9967919.jpg\",\"contentUrl\":\"https:\\\/\\\/wnature.org\\\/ca\\\/botiga\\\/wp-content\\\/uploads\\\/unisex-basic-softstyle-t-shirt-black-front-681f7a9967919.jpg\",\"width\":2000,\"height\":2000},{\"@type\":\"BreadcrumbList\",\"@id\":\"https:\\\/\\\/wnature.org\\\/ca\\\/botiga\\\/producte\\\/roba\\\/samarretes\\\/samarreta-llop-colors\\\/#breadcrumb\",\"itemListElement\":[{\"@type\":\"ListItem\",\"position\":1,\"name\":\"Inici\",\"item\":\"https:\\\/\\\/wnature.org\\\/ca\\\/botiga\\\/\"},{\"@type\":\"ListItem\",\"position\":2,\"name\":\"Botiga\",\"item\":\"https:\\\/\\\/wnature.org\\\/ca\\\/botiga\\\/\"},{\"@type\":\"ListItem\",\"position\":3,\"name\":\"Samarreta Llop colors\"}]},{\"@type\":\"WebSite\",\"@id\":\"https:\\\/\\\/wnature.org\\\/ca\\\/botiga\\\/#website\",\"url\":\"https:\\\/\\\/wnature.org\\\/ca\\\/botiga\\\/\",\"name\":\"Botiga WNL\",\"description\":\"Botiga WNL\",\"potentialAction\":[{\"@type\":\"SearchAction\",\"target\":{\"@type\":\"EntryPoint\",\"urlTemplate\":\"https:\\\/\\\/wnature.org\\\/ca\\\/botiga\\\/?s={search_term_string}\"},\"query-input\":{\"@type\":\"PropertyValueSpecification\",\"valueRequired\":true,\"valueName\":\"search_term_string\"}}],\"inLanguage\":\"ca\"}]}<\/script>\n<!-- \/ Yoast SEO plugin. -->","yoast_head_json":{"title":"Samarreta Llop colors - Botiga WNL","robots":{"index":"index","follow":"follow","max-snippet":"max-snippet:-1","max-image-preview":"max-image-preview:large","max-video-preview":"max-video-preview:-1"},"canonical":"https:\/\/wnature.org\/ca\/botiga\/producte\/roba\/samarretes\/samarreta-llop-colors\/","og_locale":"ca_ES","og_type":"article","og_title":"Samarreta Llop colors - Botiga WNL","og_description":"Ara has trobat la samarreta imprescindible del teu armari. Est\u00e0 feta de cot\u00f3 100% filat en anell i \u00e9s suau i c\u00f2moda. La doble costura a l&#8217;escot i les m\u00e0nigues afegeix m\u00e9s durabilitat al que segur que ser\u00e0 el teu favorit! \u2022 100% cot\u00f3 filat en anell \u2022 Gris esportiu \u00e9s 90% cot\u00f3 filat en [&hellip;]","og_url":"https:\/\/wnature.org\/ca\/botiga\/producte\/roba\/samarretes\/samarreta-llop-colors\/","og_site_name":"Botiga WNL","article_modified_time":"2025-05-19T09:40:55+00:00","og_image":[{"width":2000,"height":2000,"url":"https:\/\/wnature.org\/ca\/botiga\/wp-content\/uploads\/unisex-basic-softstyle-t-shirt-black-front-681f7a9967919.jpg","type":"image\/jpeg"}],"twitter_card":"summary_large_image","twitter_misc":{"Temps estimat de lectura":"2 minuts"},"schema":{"@context":"https:\/\/schema.org","@graph":[{"@type":"WebPage","@id":"https:\/\/wnature.org\/ca\/botiga\/producte\/roba\/samarretes\/samarreta-llop-colors\/","url":"https:\/\/wnature.org\/ca\/botiga\/producte\/roba\/samarretes\/samarreta-llop-colors\/","name":"Samarreta Llop colors - Botiga WNL","isPartOf":{"@id":"https:\/\/wnature.org\/ca\/botiga\/#website"},"primaryImageOfPage":{"@id":"https:\/\/wnature.org\/ca\/botiga\/producte\/roba\/samarretes\/samarreta-llop-colors\/#primaryimage"},"image":{"@id":"https:\/\/wnature.org\/ca\/botiga\/producte\/roba\/samarretes\/samarreta-llop-colors\/#primaryimage"},"thumbnailUrl":"https:\/\/wnature.org\/ca\/botiga\/wp-content\/uploads\/unisex-basic-softstyle-t-shirt-black-front-681f7a9967919.jpg","datePublished":"2025-05-10T16:11:35+00:00","dateModified":"2025-05-19T09:40:55+00:00","breadcrumb":{"@id":"https:\/\/wnature.org\/ca\/botiga\/producte\/roba\/samarretes\/samarreta-llop-colors\/#breadcrumb"},"inLanguage":"ca","potentialAction":[{"@type":"ReadAction","target":["https:\/\/wnature.org\/ca\/botiga\/producte\/roba\/samarretes\/samarreta-llop-colors\/"]}]},{"@type":"ImageObject","inLanguage":"ca","@id":"https:\/\/wnature.org\/ca\/botiga\/producte\/roba\/samarretes\/samarreta-llop-colors\/#primaryimage","url":"https:\/\/wnature.org\/ca\/botiga\/wp-content\/uploads\/unisex-basic-softstyle-t-shirt-black-front-681f7a9967919.jpg","contentUrl":"https:\/\/wnature.org\/ca\/botiga\/wp-content\/uploads\/unisex-basic-softstyle-t-shirt-black-front-681f7a9967919.jpg","width":2000,"height":2000},{"@type":"BreadcrumbList","@id":"https:\/\/wnature.org\/ca\/botiga\/producte\/roba\/samarretes\/samarreta-llop-colors\/#breadcrumb","itemListElement":[{"@type":"ListItem","position":1,"name":"Inici","item":"https:\/\/wnature.org\/ca\/botiga\/"},{"@type":"ListItem","position":2,"name":"Botiga","item":"https:\/\/wnature.org\/ca\/botiga\/"},{"@type":"ListItem","position":3,"name":"Samarreta Llop colors"}]},{"@type":"WebSite","@id":"https:\/\/wnature.org\/ca\/botiga\/#website","url":"https:\/\/wnature.org\/ca\/botiga\/","name":"Botiga WNL","description":"Botiga WNL","potentialAction":[{"@type":"SearchAction","target":{"@type":"EntryPoint","urlTemplate":"https:\/\/wnature.org\/ca\/botiga\/?s={search_term_string}"},"query-input":{"@type":"PropertyValueSpecification","valueRequired":true,"valueName":"search_term_string"}}],"inLanguage":"ca"}]}},"_links":{"self":[{"href":"https:\/\/wnature.org\/ca\/botiga\/wp-json\/wp\/v2\/product\/519","targetHints":{"allow":["GET"]}}],"collection":[{"href":"https:\/\/wnature.org\/ca\/botiga\/wp-json\/wp\/v2\/product"}],"about":[{"href":"https:\/\/wnature.org\/ca\/botiga\/wp-json\/wp\/v2\/types\/product"}],"replies":[{"embeddable":true,"href":"https:\/\/wnature.org\/ca\/botiga\/wp-json\/wp\/v2\/comments?post=519"}],"version-history":[{"count":4,"href":"https:\/\/wnature.org\/ca\/botiga\/wp-json\/wp\/v2\/product\/519\/revisions"}],"predecessor-version":[{"id":547,"href":"https:\/\/wnature.org\/ca\/botiga\/wp-json\/wp\/v2\/product\/519\/revisions\/547"}],"wp:featuredmedia":[{"embeddable":true,"href":"https:\/\/wnature.org\/ca\/botiga\/wp-json\/wp\/v2\/media\/537"}],"wp:attachment":[{"href":"https:\/\/wnature.org\/ca\/botiga\/wp-json\/wp\/v2\/media?parent=519"}],"wp:term":[{"taxonomy":"product_brand","embeddable":true,"href":"https:\/\/wnature.org\/ca\/botiga\/wp-json\/wp\/v2\/product_brand?post=519"},{"taxonomy":"product_cat","embeddable":true,"href":"https:\/\/wnature.org\/ca\/botiga\/wp-json\/wp\/v2\/product_cat?post=519"},{"taxonomy":"product_tag","embeddable":true,"href":"https:\/\/wnature.org\/ca\/botiga\/wp-json\/wp\/v2\/product_tag?post=519"}],"curies":[{"name":"wp","href":"https:\/\/api.w.org\/{rel}","templated":true}]}}