{"id":458,"date":"2025-05-09T12:22:08","date_gmt":"2025-05-09T10:22:08","guid":{"rendered":"https:\/\/www.wnature.org\/ca\/botiga\/?post_type=product&#038;p=458"},"modified":"2025-05-09T12:22:08","modified_gmt":"2025-05-09T10:22:08","slug":"canon-eos-r10-cos","status":"publish","type":"product","link":"https:\/\/wnature.org\/ca\/botiga\/producte\/fotografia-i-video\/cameres\/canon-eos-r10-cos\/","title":{"rendered":"Canon EOS R10 cos"},"content":{"rendered":"<p><strong>Quant a aquest producte<\/strong><br \/>\nFotografia: Cambra Evil, lleugera i sense mirall per a aficionats i creadors de contingut. Amb 24,2MP i sensor APS-C per aconseguir imatges en gran definici\u00f3 i alta resoluci\u00f3<br \/>\nV\u00eddeo: Aconsegueix magn\u00edfiques gravacions amb v\u00eddeo 4K 30p que sobremostreja les dades del sensor 6K o v\u00eddeo 4K a 60p. V\u00eddeos fluids, estabilitzats i definits. Amb la pantalla d&#8217;angle variable podr\u00e0s aconseguir vloggs i continguts en format de xarxes socials<br \/>\nInicia&#8217;t al v\u00eddeo i la fotografia: Cambra Canon molt intu\u00eftiva amb una interf\u00edcie guiada i controls personalitzables<br \/>\nAuto Focus: Captura subjectes amb facilitat amb sistema denfocament Dual Pixel CMOS Auto Focus II. Programat amb IA de deep learning per recon\u00e8ixer persones, animals i vehicles<br \/>\nConnectivitat: Wi-Fi i Bluetooth per transfer\u00e8ncia d&#8217;imatges i tret remot des del tel\u00e8fon intel\u00b7ligent o tablet.<br \/>\nObjectius: No s&#8217;hi inclou lent en aquest producte. Descobriu tota la varietat d&#8217;objectius RF i RF-S<br \/>\nCanon: Excel\u00b7l\u00e8ncia en c\u00e0meres de v\u00eddeo i fotografia des del 1934. Canon \u00e9s l&#8217;opci\u00f3 segura<\/p>\n","protected":false},"excerpt":{"rendered":"<p>CANON EOS R10 C\u00e0mera Mirrorless cos, C\u00e0mera Evil APS-C (24,2 MP) -4 EV, V\u00eddeo 4K 60 fps, Dual Pixel CMOS AF II, Pantalla T\u00e0ctil d&#8217;Angle Variable, Negre<\/p>\n","protected":false},"featured_media":459,"comment_status":"open","ping_status":"closed","template":"","meta":[],"product_brand":[],"product_cat":[44,43],"product_tag":[],"class_list":{"0":"post-458","1":"product","2":"type-product","3":"status-publish","4":"has-post-thumbnail","6":"product_cat-cameres","7":"product_cat-fotografia-i-video","9":"first","10":"instock","11":"taxable","12":"shipping-taxable","13":"product-type-external"},"yoast_head":"<!-- This site is optimized with the Yoast SEO plugin v27.5 - https:\/\/yoast.com\/product\/yoast-seo-wordpress\/ -->\n<title>Canon EOS R10 cos - Botiga WNL<\/title>\n<meta name=\"robots\" content=\"index, follow, max-snippet:-1, max-image-preview:large, max-video-preview:-1\" \/>\n<link rel=\"canonical\" href=\"https:\/\/wnature.org\/ca\/botiga\/producte\/fotografia-i-video\/cameres\/canon-eos-r10-cos\/\" \/>\n<meta property=\"og:locale\" content=\"ca_ES\" \/>\n<meta property=\"og:type\" content=\"article\" \/>\n<meta property=\"og:title\" content=\"Canon EOS R10 cos - Botiga WNL\" \/>\n<meta property=\"og:description\" content=\"CANON EOS R10 C\u00e0mera Mirrorless cos, C\u00e0mera Evil APS-C (24,2 MP) -4 EV, V\u00eddeo 4K 60 fps, Dual Pixel CMOS AF II, Pantalla T\u00e0ctil d&#039;Angle Variable, Negre\" \/>\n<meta property=\"og:url\" content=\"https:\/\/wnature.org\/ca\/botiga\/producte\/fotografia-i-video\/cameres\/canon-eos-r10-cos\/\" \/>\n<meta property=\"og:site_name\" content=\"Botiga WNL\" \/>\n<meta property=\"og:image\" content=\"https:\/\/wnature.org\/ca\/botiga\/wp-content\/uploads\/71ua-bGDKhL._AC_SL1500_.jpg\" \/>\n\t<meta property=\"og:image:width\" content=\"1500\" \/>\n\t<meta property=\"og:image:height\" content=\"1000\" \/>\n\t<meta property=\"og:image:type\" content=\"image\/jpeg\" \/>\n<meta name=\"twitter:card\" content=\"summary_large_image\" \/>\n<meta name=\"twitter:label1\" content=\"Temps estimat de lectura\" \/>\n\t<meta name=\"twitter:data1\" content=\"2 minuts\" \/>\n<script type=\"application\/ld+json\" class=\"yoast-schema-graph\">{\"@context\":\"https:\\\/\\\/schema.org\",\"@graph\":[{\"@type\":\"WebPage\",\"@id\":\"https:\\\/\\\/wnature.org\\\/ca\\\/botiga\\\/producte\\\/fotografia-i-video\\\/cameres\\\/canon-eos-r10-cos\\\/\",\"url\":\"https:\\\/\\\/wnature.org\\\/ca\\\/botiga\\\/producte\\\/fotografia-i-video\\\/cameres\\\/canon-eos-r10-cos\\\/\",\"name\":\"Canon EOS R10 cos - Botiga WNL\",\"isPartOf\":{\"@id\":\"https:\\\/\\\/wnature.org\\\/ca\\\/botiga\\\/#website\"},\"primaryImageOfPage\":{\"@id\":\"https:\\\/\\\/wnature.org\\\/ca\\\/botiga\\\/producte\\\/fotografia-i-video\\\/cameres\\\/canon-eos-r10-cos\\\/#primaryimage\"},\"image\":{\"@id\":\"https:\\\/\\\/wnature.org\\\/ca\\\/botiga\\\/producte\\\/fotografia-i-video\\\/cameres\\\/canon-eos-r10-cos\\\/#primaryimage\"},\"thumbnailUrl\":\"https:\\\/\\\/wnature.org\\\/ca\\\/botiga\\\/wp-content\\\/uploads\\\/71ua-bGDKhL._AC_SL1500_.jpg\",\"datePublished\":\"2025-05-09T10:22:08+00:00\",\"breadcrumb\":{\"@id\":\"https:\\\/\\\/wnature.org\\\/ca\\\/botiga\\\/producte\\\/fotografia-i-video\\\/cameres\\\/canon-eos-r10-cos\\\/#breadcrumb\"},\"inLanguage\":\"ca\",\"potentialAction\":[{\"@type\":\"ReadAction\",\"target\":[\"https:\\\/\\\/wnature.org\\\/ca\\\/botiga\\\/producte\\\/fotografia-i-video\\\/cameres\\\/canon-eos-r10-cos\\\/\"]}]},{\"@type\":\"ImageObject\",\"inLanguage\":\"ca\",\"@id\":\"https:\\\/\\\/wnature.org\\\/ca\\\/botiga\\\/producte\\\/fotografia-i-video\\\/cameres\\\/canon-eos-r10-cos\\\/#primaryimage\",\"url\":\"https:\\\/\\\/wnature.org\\\/ca\\\/botiga\\\/wp-content\\\/uploads\\\/71ua-bGDKhL._AC_SL1500_.jpg\",\"contentUrl\":\"https:\\\/\\\/wnature.org\\\/ca\\\/botiga\\\/wp-content\\\/uploads\\\/71ua-bGDKhL._AC_SL1500_.jpg\",\"width\":1500,\"height\":1000},{\"@type\":\"BreadcrumbList\",\"@id\":\"https:\\\/\\\/wnature.org\\\/ca\\\/botiga\\\/producte\\\/fotografia-i-video\\\/cameres\\\/canon-eos-r10-cos\\\/#breadcrumb\",\"itemListElement\":[{\"@type\":\"ListItem\",\"position\":1,\"name\":\"Inici\",\"item\":\"https:\\\/\\\/wnature.org\\\/ca\\\/botiga\\\/\"},{\"@type\":\"ListItem\",\"position\":2,\"name\":\"Botiga\",\"item\":\"https:\\\/\\\/wnature.org\\\/ca\\\/botiga\\\/\"},{\"@type\":\"ListItem\",\"position\":3,\"name\":\"Canon EOS R10 cos\"}]},{\"@type\":\"WebSite\",\"@id\":\"https:\\\/\\\/wnature.org\\\/ca\\\/botiga\\\/#website\",\"url\":\"https:\\\/\\\/wnature.org\\\/ca\\\/botiga\\\/\",\"name\":\"Botiga WNL\",\"description\":\"Botiga WNL\",\"potentialAction\":[{\"@type\":\"SearchAction\",\"target\":{\"@type\":\"EntryPoint\",\"urlTemplate\":\"https:\\\/\\\/wnature.org\\\/ca\\\/botiga\\\/?s={search_term_string}\"},\"query-input\":{\"@type\":\"PropertyValueSpecification\",\"valueRequired\":true,\"valueName\":\"search_term_string\"}}],\"inLanguage\":\"ca\"}]}<\/script>\n<!-- \/ Yoast SEO plugin. -->","yoast_head_json":{"title":"Canon EOS R10 cos - Botiga WNL","robots":{"index":"index","follow":"follow","max-snippet":"max-snippet:-1","max-image-preview":"max-image-preview:large","max-video-preview":"max-video-preview:-1"},"canonical":"https:\/\/wnature.org\/ca\/botiga\/producte\/fotografia-i-video\/cameres\/canon-eos-r10-cos\/","og_locale":"ca_ES","og_type":"article","og_title":"Canon EOS R10 cos - Botiga WNL","og_description":"CANON EOS R10 C\u00e0mera Mirrorless cos, C\u00e0mera Evil APS-C (24,2 MP) -4 EV, V\u00eddeo 4K 60 fps, Dual Pixel CMOS AF II, Pantalla T\u00e0ctil d'Angle Variable, Negre","og_url":"https:\/\/wnature.org\/ca\/botiga\/producte\/fotografia-i-video\/cameres\/canon-eos-r10-cos\/","og_site_name":"Botiga WNL","og_image":[{"width":1500,"height":1000,"url":"https:\/\/wnature.org\/ca\/botiga\/wp-content\/uploads\/71ua-bGDKhL._AC_SL1500_.jpg","type":"image\/jpeg"}],"twitter_card":"summary_large_image","twitter_misc":{"Temps estimat de lectura":"2 minuts"},"schema":{"@context":"https:\/\/schema.org","@graph":[{"@type":"WebPage","@id":"https:\/\/wnature.org\/ca\/botiga\/producte\/fotografia-i-video\/cameres\/canon-eos-r10-cos\/","url":"https:\/\/wnature.org\/ca\/botiga\/producte\/fotografia-i-video\/cameres\/canon-eos-r10-cos\/","name":"Canon EOS R10 cos - Botiga WNL","isPartOf":{"@id":"https:\/\/wnature.org\/ca\/botiga\/#website"},"primaryImageOfPage":{"@id":"https:\/\/wnature.org\/ca\/botiga\/producte\/fotografia-i-video\/cameres\/canon-eos-r10-cos\/#primaryimage"},"image":{"@id":"https:\/\/wnature.org\/ca\/botiga\/producte\/fotografia-i-video\/cameres\/canon-eos-r10-cos\/#primaryimage"},"thumbnailUrl":"https:\/\/wnature.org\/ca\/botiga\/wp-content\/uploads\/71ua-bGDKhL._AC_SL1500_.jpg","datePublished":"2025-05-09T10:22:08+00:00","breadcrumb":{"@id":"https:\/\/wnature.org\/ca\/botiga\/producte\/fotografia-i-video\/cameres\/canon-eos-r10-cos\/#breadcrumb"},"inLanguage":"ca","potentialAction":[{"@type":"ReadAction","target":["https:\/\/wnature.org\/ca\/botiga\/producte\/fotografia-i-video\/cameres\/canon-eos-r10-cos\/"]}]},{"@type":"ImageObject","inLanguage":"ca","@id":"https:\/\/wnature.org\/ca\/botiga\/producte\/fotografia-i-video\/cameres\/canon-eos-r10-cos\/#primaryimage","url":"https:\/\/wnature.org\/ca\/botiga\/wp-content\/uploads\/71ua-bGDKhL._AC_SL1500_.jpg","contentUrl":"https:\/\/wnature.org\/ca\/botiga\/wp-content\/uploads\/71ua-bGDKhL._AC_SL1500_.jpg","width":1500,"height":1000},{"@type":"BreadcrumbList","@id":"https:\/\/wnature.org\/ca\/botiga\/producte\/fotografia-i-video\/cameres\/canon-eos-r10-cos\/#breadcrumb","itemListElement":[{"@type":"ListItem","position":1,"name":"Inici","item":"https:\/\/wnature.org\/ca\/botiga\/"},{"@type":"ListItem","position":2,"name":"Botiga","item":"https:\/\/wnature.org\/ca\/botiga\/"},{"@type":"ListItem","position":3,"name":"Canon EOS R10 cos"}]},{"@type":"WebSite","@id":"https:\/\/wnature.org\/ca\/botiga\/#website","url":"https:\/\/wnature.org\/ca\/botiga\/","name":"Botiga WNL","description":"Botiga WNL","potentialAction":[{"@type":"SearchAction","target":{"@type":"EntryPoint","urlTemplate":"https:\/\/wnature.org\/ca\/botiga\/?s={search_term_string}"},"query-input":{"@type":"PropertyValueSpecification","valueRequired":true,"valueName":"search_term_string"}}],"inLanguage":"ca"}]}},"_links":{"self":[{"href":"https:\/\/wnature.org\/ca\/botiga\/wp-json\/wp\/v2\/product\/458","targetHints":{"allow":["GET"]}}],"collection":[{"href":"https:\/\/wnature.org\/ca\/botiga\/wp-json\/wp\/v2\/product"}],"about":[{"href":"https:\/\/wnature.org\/ca\/botiga\/wp-json\/wp\/v2\/types\/product"}],"replies":[{"embeddable":true,"href":"https:\/\/wnature.org\/ca\/botiga\/wp-json\/wp\/v2\/comments?post=458"}],"version-history":[{"count":1,"href":"https:\/\/wnature.org\/ca\/botiga\/wp-json\/wp\/v2\/product\/458\/revisions"}],"predecessor-version":[{"id":463,"href":"https:\/\/wnature.org\/ca\/botiga\/wp-json\/wp\/v2\/product\/458\/revisions\/463"}],"wp:featuredmedia":[{"embeddable":true,"href":"https:\/\/wnature.org\/ca\/botiga\/wp-json\/wp\/v2\/media\/459"}],"wp:attachment":[{"href":"https:\/\/wnature.org\/ca\/botiga\/wp-json\/wp\/v2\/media?parent=458"}],"wp:term":[{"taxonomy":"product_brand","embeddable":true,"href":"https:\/\/wnature.org\/ca\/botiga\/wp-json\/wp\/v2\/product_brand?post=458"},{"taxonomy":"product_cat","embeddable":true,"href":"https:\/\/wnature.org\/ca\/botiga\/wp-json\/wp\/v2\/product_cat?post=458"},{"taxonomy":"product_tag","embeddable":true,"href":"https:\/\/wnature.org\/ca\/botiga\/wp-json\/wp\/v2\/product_tag?post=458"}],"curies":[{"name":"wp","href":"https:\/\/api.w.org\/{rel}","templated":true}]}}