{"id":441,"date":"2025-05-08T20:56:45","date_gmt":"2025-05-08T18:56:45","guid":{"rendered":"https:\/\/www.wnature.org\/ca\/botiga\/?post_type=product&#038;p=441"},"modified":"2025-05-08T21:04:36","modified_gmt":"2025-05-08T19:04:36","slug":"canon-eos-r7-cos","status":"publish","type":"product","link":"https:\/\/wnature.org\/ca\/botiga\/producte\/fotografia-i-video\/cameres\/canon-eos-r7-cos\/","title":{"rendered":"Canon EOS R7 cos"},"content":{"rendered":"<p><strong>Color:<\/strong> Negre<br \/>\n<strong>Muntures:<\/strong> compatibles Canon RF<br \/>\n<strong>Relaci\u00f3 d&#8217;aspecte:<\/strong> 16:9, 4:3<br \/>\n<strong>Tecnologia del sensor fotogr\u00e0fic:<\/strong> CMOS<br \/>\n<strong>Format de fitxer adm\u00e8s:<\/strong> RAW<br \/>\n<strong>Estabilitzaci\u00f3 de la imatge:<\/strong> Digital i \u00d2ptica<br \/>\n<strong>Zoom \u00f2ptic:<\/strong> 1 x<br \/>\n<strong>Obertura m\u00e0xima:<\/strong> 4 Mil\u00b7l\u00edmetres<br \/>\n<strong>M\u00ednim d&#8217;ISO:<\/strong> ampliat 100<br \/>\n<strong>Descripci\u00f3 de mesurador:<\/strong> Mesurament de punt<br \/>\n<strong>Marca:<\/strong> Canon<\/p>\n","protected":false},"excerpt":{"rendered":"<p>C\u00e0mera CANON EOS R7. Camera Mirrorless Body, Cambra EVIL APS-C (32,5 MP) -5 EV, V\u00eddeo 4K 60 fps, Dual Pixel CMOS AF II, Pantalla T\u00e0ctil d&#8217;Angle Variable, Negre<\/p>\n","protected":false},"featured_media":442,"comment_status":"open","ping_status":"closed","template":"","meta":[],"product_brand":[],"product_cat":[44,43],"product_tag":[],"class_list":{"0":"post-441","1":"product","2":"type-product","3":"status-publish","4":"has-post-thumbnail","6":"product_cat-cameres","7":"product_cat-fotografia-i-video","9":"first","10":"instock","11":"taxable","12":"shipping-taxable","13":"product-type-external"},"yoast_head":"<!-- This site is optimized with the Yoast SEO plugin v27.5 - https:\/\/yoast.com\/product\/yoast-seo-wordpress\/ -->\n<title>Canon EOS R7 cos - Botiga WNL<\/title>\n<meta name=\"robots\" content=\"index, follow, max-snippet:-1, max-image-preview:large, max-video-preview:-1\" \/>\n<link rel=\"canonical\" href=\"https:\/\/wnature.org\/ca\/botiga\/producte\/fotografia-i-video\/cameres\/canon-eos-r7-cos\/\" \/>\n<meta property=\"og:locale\" content=\"ca_ES\" \/>\n<meta property=\"og:type\" content=\"article\" \/>\n<meta property=\"og:title\" content=\"Canon EOS R7 cos - Botiga WNL\" \/>\n<meta property=\"og:description\" content=\"C\u00e0mera CANON EOS R7. Camera Mirrorless Body, Cambra EVIL APS-C (32,5 MP) -5 EV, V\u00eddeo 4K 60 fps, Dual Pixel CMOS AF II, Pantalla T\u00e0ctil d&#039;Angle Variable, Negre\" \/>\n<meta property=\"og:url\" content=\"https:\/\/wnature.org\/ca\/botiga\/producte\/fotografia-i-video\/cameres\/canon-eos-r7-cos\/\" \/>\n<meta property=\"og:site_name\" content=\"Botiga WNL\" \/>\n<meta property=\"article:modified_time\" content=\"2025-05-08T19:04:36+00:00\" \/>\n<meta property=\"og:image\" content=\"https:\/\/wnature.org\/ca\/botiga\/wp-content\/uploads\/81bhf3SayUL._AC_SL1500_.jpg\" \/>\n\t<meta property=\"og:image:width\" content=\"1500\" \/>\n\t<meta property=\"og:image:height\" content=\"1039\" \/>\n\t<meta property=\"og:image:type\" content=\"image\/jpeg\" \/>\n<meta name=\"twitter:card\" content=\"summary_large_image\" \/>\n<meta name=\"twitter:label1\" content=\"Temps estimat de lectura\" \/>\n\t<meta name=\"twitter:data1\" content=\"1 minut\" \/>\n<script type=\"application\/ld+json\" class=\"yoast-schema-graph\">{\"@context\":\"https:\\\/\\\/schema.org\",\"@graph\":[{\"@type\":\"WebPage\",\"@id\":\"https:\\\/\\\/wnature.org\\\/ca\\\/botiga\\\/producte\\\/fotografia-i-video\\\/cameres\\\/canon-eos-r7-cos\\\/\",\"url\":\"https:\\\/\\\/wnature.org\\\/ca\\\/botiga\\\/producte\\\/fotografia-i-video\\\/cameres\\\/canon-eos-r7-cos\\\/\",\"name\":\"Canon EOS R7 cos - Botiga WNL\",\"isPartOf\":{\"@id\":\"https:\\\/\\\/wnature.org\\\/ca\\\/botiga\\\/#website\"},\"primaryImageOfPage\":{\"@id\":\"https:\\\/\\\/wnature.org\\\/ca\\\/botiga\\\/producte\\\/fotografia-i-video\\\/cameres\\\/canon-eos-r7-cos\\\/#primaryimage\"},\"image\":{\"@id\":\"https:\\\/\\\/wnature.org\\\/ca\\\/botiga\\\/producte\\\/fotografia-i-video\\\/cameres\\\/canon-eos-r7-cos\\\/#primaryimage\"},\"thumbnailUrl\":\"https:\\\/\\\/wnature.org\\\/ca\\\/botiga\\\/wp-content\\\/uploads\\\/81bhf3SayUL._AC_SL1500_.jpg\",\"datePublished\":\"2025-05-08T18:56:45+00:00\",\"dateModified\":\"2025-05-08T19:04:36+00:00\",\"breadcrumb\":{\"@id\":\"https:\\\/\\\/wnature.org\\\/ca\\\/botiga\\\/producte\\\/fotografia-i-video\\\/cameres\\\/canon-eos-r7-cos\\\/#breadcrumb\"},\"inLanguage\":\"ca\",\"potentialAction\":[{\"@type\":\"ReadAction\",\"target\":[\"https:\\\/\\\/wnature.org\\\/ca\\\/botiga\\\/producte\\\/fotografia-i-video\\\/cameres\\\/canon-eos-r7-cos\\\/\"]}]},{\"@type\":\"ImageObject\",\"inLanguage\":\"ca\",\"@id\":\"https:\\\/\\\/wnature.org\\\/ca\\\/botiga\\\/producte\\\/fotografia-i-video\\\/cameres\\\/canon-eos-r7-cos\\\/#primaryimage\",\"url\":\"https:\\\/\\\/wnature.org\\\/ca\\\/botiga\\\/wp-content\\\/uploads\\\/81bhf3SayUL._AC_SL1500_.jpg\",\"contentUrl\":\"https:\\\/\\\/wnature.org\\\/ca\\\/botiga\\\/wp-content\\\/uploads\\\/81bhf3SayUL._AC_SL1500_.jpg\",\"width\":1500,\"height\":1039},{\"@type\":\"BreadcrumbList\",\"@id\":\"https:\\\/\\\/wnature.org\\\/ca\\\/botiga\\\/producte\\\/fotografia-i-video\\\/cameres\\\/canon-eos-r7-cos\\\/#breadcrumb\",\"itemListElement\":[{\"@type\":\"ListItem\",\"position\":1,\"name\":\"Inici\",\"item\":\"https:\\\/\\\/wnature.org\\\/ca\\\/botiga\\\/\"},{\"@type\":\"ListItem\",\"position\":2,\"name\":\"Botiga\",\"item\":\"https:\\\/\\\/wnature.org\\\/ca\\\/botiga\\\/\"},{\"@type\":\"ListItem\",\"position\":3,\"name\":\"Canon EOS R7 cos\"}]},{\"@type\":\"WebSite\",\"@id\":\"https:\\\/\\\/wnature.org\\\/ca\\\/botiga\\\/#website\",\"url\":\"https:\\\/\\\/wnature.org\\\/ca\\\/botiga\\\/\",\"name\":\"Botiga WNL\",\"description\":\"Botiga WNL\",\"potentialAction\":[{\"@type\":\"SearchAction\",\"target\":{\"@type\":\"EntryPoint\",\"urlTemplate\":\"https:\\\/\\\/wnature.org\\\/ca\\\/botiga\\\/?s={search_term_string}\"},\"query-input\":{\"@type\":\"PropertyValueSpecification\",\"valueRequired\":true,\"valueName\":\"search_term_string\"}}],\"inLanguage\":\"ca\"}]}<\/script>\n<!-- \/ Yoast SEO plugin. -->","yoast_head_json":{"title":"Canon EOS R7 cos - Botiga WNL","robots":{"index":"index","follow":"follow","max-snippet":"max-snippet:-1","max-image-preview":"max-image-preview:large","max-video-preview":"max-video-preview:-1"},"canonical":"https:\/\/wnature.org\/ca\/botiga\/producte\/fotografia-i-video\/cameres\/canon-eos-r7-cos\/","og_locale":"ca_ES","og_type":"article","og_title":"Canon EOS R7 cos - Botiga WNL","og_description":"C\u00e0mera CANON EOS R7. Camera Mirrorless Body, Cambra EVIL APS-C (32,5 MP) -5 EV, V\u00eddeo 4K 60 fps, Dual Pixel CMOS AF II, Pantalla T\u00e0ctil d'Angle Variable, Negre","og_url":"https:\/\/wnature.org\/ca\/botiga\/producte\/fotografia-i-video\/cameres\/canon-eos-r7-cos\/","og_site_name":"Botiga WNL","article_modified_time":"2025-05-08T19:04:36+00:00","og_image":[{"width":1500,"height":1039,"url":"https:\/\/wnature.org\/ca\/botiga\/wp-content\/uploads\/81bhf3SayUL._AC_SL1500_.jpg","type":"image\/jpeg"}],"twitter_card":"summary_large_image","twitter_misc":{"Temps estimat de lectura":"1 minut"},"schema":{"@context":"https:\/\/schema.org","@graph":[{"@type":"WebPage","@id":"https:\/\/wnature.org\/ca\/botiga\/producte\/fotografia-i-video\/cameres\/canon-eos-r7-cos\/","url":"https:\/\/wnature.org\/ca\/botiga\/producte\/fotografia-i-video\/cameres\/canon-eos-r7-cos\/","name":"Canon EOS R7 cos - Botiga WNL","isPartOf":{"@id":"https:\/\/wnature.org\/ca\/botiga\/#website"},"primaryImageOfPage":{"@id":"https:\/\/wnature.org\/ca\/botiga\/producte\/fotografia-i-video\/cameres\/canon-eos-r7-cos\/#primaryimage"},"image":{"@id":"https:\/\/wnature.org\/ca\/botiga\/producte\/fotografia-i-video\/cameres\/canon-eos-r7-cos\/#primaryimage"},"thumbnailUrl":"https:\/\/wnature.org\/ca\/botiga\/wp-content\/uploads\/81bhf3SayUL._AC_SL1500_.jpg","datePublished":"2025-05-08T18:56:45+00:00","dateModified":"2025-05-08T19:04:36+00:00","breadcrumb":{"@id":"https:\/\/wnature.org\/ca\/botiga\/producte\/fotografia-i-video\/cameres\/canon-eos-r7-cos\/#breadcrumb"},"inLanguage":"ca","potentialAction":[{"@type":"ReadAction","target":["https:\/\/wnature.org\/ca\/botiga\/producte\/fotografia-i-video\/cameres\/canon-eos-r7-cos\/"]}]},{"@type":"ImageObject","inLanguage":"ca","@id":"https:\/\/wnature.org\/ca\/botiga\/producte\/fotografia-i-video\/cameres\/canon-eos-r7-cos\/#primaryimage","url":"https:\/\/wnature.org\/ca\/botiga\/wp-content\/uploads\/81bhf3SayUL._AC_SL1500_.jpg","contentUrl":"https:\/\/wnature.org\/ca\/botiga\/wp-content\/uploads\/81bhf3SayUL._AC_SL1500_.jpg","width":1500,"height":1039},{"@type":"BreadcrumbList","@id":"https:\/\/wnature.org\/ca\/botiga\/producte\/fotografia-i-video\/cameres\/canon-eos-r7-cos\/#breadcrumb","itemListElement":[{"@type":"ListItem","position":1,"name":"Inici","item":"https:\/\/wnature.org\/ca\/botiga\/"},{"@type":"ListItem","position":2,"name":"Botiga","item":"https:\/\/wnature.org\/ca\/botiga\/"},{"@type":"ListItem","position":3,"name":"Canon EOS R7 cos"}]},{"@type":"WebSite","@id":"https:\/\/wnature.org\/ca\/botiga\/#website","url":"https:\/\/wnature.org\/ca\/botiga\/","name":"Botiga WNL","description":"Botiga WNL","potentialAction":[{"@type":"SearchAction","target":{"@type":"EntryPoint","urlTemplate":"https:\/\/wnature.org\/ca\/botiga\/?s={search_term_string}"},"query-input":{"@type":"PropertyValueSpecification","valueRequired":true,"valueName":"search_term_string"}}],"inLanguage":"ca"}]}},"_links":{"self":[{"href":"https:\/\/wnature.org\/ca\/botiga\/wp-json\/wp\/v2\/product\/441","targetHints":{"allow":["GET"]}}],"collection":[{"href":"https:\/\/wnature.org\/ca\/botiga\/wp-json\/wp\/v2\/product"}],"about":[{"href":"https:\/\/wnature.org\/ca\/botiga\/wp-json\/wp\/v2\/types\/product"}],"replies":[{"embeddable":true,"href":"https:\/\/wnature.org\/ca\/botiga\/wp-json\/wp\/v2\/comments?post=441"}],"version-history":[{"count":4,"href":"https:\/\/wnature.org\/ca\/botiga\/wp-json\/wp\/v2\/product\/441\/revisions"}],"predecessor-version":[{"id":446,"href":"https:\/\/wnature.org\/ca\/botiga\/wp-json\/wp\/v2\/product\/441\/revisions\/446"}],"wp:featuredmedia":[{"embeddable":true,"href":"https:\/\/wnature.org\/ca\/botiga\/wp-json\/wp\/v2\/media\/442"}],"wp:attachment":[{"href":"https:\/\/wnature.org\/ca\/botiga\/wp-json\/wp\/v2\/media?parent=441"}],"wp:term":[{"taxonomy":"product_brand","embeddable":true,"href":"https:\/\/wnature.org\/ca\/botiga\/wp-json\/wp\/v2\/product_brand?post=441"},{"taxonomy":"product_cat","embeddable":true,"href":"https:\/\/wnature.org\/ca\/botiga\/wp-json\/wp\/v2\/product_cat?post=441"},{"taxonomy":"product_tag","embeddable":true,"href":"https:\/\/wnature.org\/ca\/botiga\/wp-json\/wp\/v2\/product_tag?post=441"}],"curies":[{"name":"wp","href":"https:\/\/api.w.org\/{rel}","templated":true}]}}